{"id":1928,"date":"2022-05-11T21:11:21","date_gmt":"2022-05-11T19:11:21","guid":{"rendered":"https:\/\/deutschkurs-tieraerzte.com\/?page_id=1928"},"modified":"2024-06-03T15:07:37","modified_gmt":"2024-06-03T13:07:37","slug":"registrieren","status":"publish","type":"page","link":"https:\/\/www.deutschkurs-tieraerzte.com\/en\/registrieren\/","title":{"rendered":"Sign up"},"content":{"rendered":"<div data-elementor-type=\"wp-page\" data-elementor-id=\"1928\" class=\"elementor elementor-1928\" data-elementor-post-type=\"page\">\n\t\t\t\t\t\t<section class=\"elementor-section elementor-top-section elementor-element elementor-element-a82cae3 elementor-section-boxed elementor-section-height-default elementor-section-height-default\" data-id=\"a82cae3\" data-element_type=\"section\" data-e-type=\"section\">\n\t\t\t\t\t\t\t<div class=\"elementor-background-overlay\"><\/div>\n\t\t\t\t\t\t\t<div class=\"elementor-container elementor-column-gap-no\">\n\t\t\t\t\t<div class=\"elementor-column elementor-col-100 elementor-top-column elementor-element elementor-element-8304e24\" data-id=\"8304e24\" data-element_type=\"column\" data-e-type=\"column\">\n\t\t\t<div class=\"elementor-widget-wrap elementor-element-populated\">\n\t\t\t\t\t\t<div class=\"elementor-element elementor-element-b841cfa elementor-widget elementor-widget-heading\" data-id=\"b841cfa\" data-element_type=\"widget\" data-e-type=\"widget\" data-widget_type=\"heading.default\">\n\t\t\t\t<div class=\"elementor-widget-container\">\n\t\t\t\t\t<h2 class=\"elementor-heading-title elementor-size-default\">Sign up<\/h2>\t\t\t\t<\/div>\n\t\t\t\t<\/div>\n\t\t\t\t<div class=\"elementor-element elementor-element-12b45cf elementor-widget elementor-widget-text-editor\" data-id=\"12b45cf\" data-element_type=\"widget\" data-e-type=\"widget\" data-widget_type=\"text-editor.default\">\n\t\t\t\t<div class=\"elementor-widget-container\">\n\t\t\t\t\t\t\t\t\t<p>Registration is fast and <strong>free of charge<\/strong>. After registration and login you can book language course packages directly under \"All courses\". You are still undecided? After logging in, you will find Zoom conferences under \"Live events\" at regular intervals, in which we present ourselves and the language course. We will keep you up to date on all new developments.<\/p>\t\t\t\t\t\t\t\t<\/div>\n\t\t\t\t<\/div>\n\t\t\t\t\t<\/div>\n\t\t<\/div>\n\t\t\t\t\t<\/div>\n\t\t<\/section>\n\t\t\t\t<section class=\"elementor-section elementor-top-section elementor-element elementor-element-ca9ce69 elementor-section-boxed elementor-section-height-default elementor-section-height-default\" data-id=\"ca9ce69\" data-element_type=\"section\" data-e-type=\"section\">\n\t\t\t\t\t\t<div class=\"elementor-container elementor-column-gap-default\">\n\t\t\t\t\t<div class=\"elementor-column elementor-col-100 elementor-top-column elementor-element elementor-element-a603b17\" data-id=\"a603b17\" data-element_type=\"column\" data-e-type=\"column\">\n\t\t\t<div class=\"elementor-widget-wrap elementor-element-populated\">\n\t\t\t\t\t\t<div class=\"elementor-element elementor-element-d72bb38 elementor-widget elementor-widget-shortcode\" data-id=\"d72bb38\" data-element_type=\"widget\" data-e-type=\"widget\" data-widget_type=\"shortcode.default\">\n\t\t\t\t<div class=\"elementor-widget-container\">\n\t\t\t\t\t\t\t<div class=\"elementor-shortcode\">\n<div class=\"um um-register um-1981\">\n\t<div class=\"um-form\" data-mode=\"register\">\n\t\t<form method=\"post\" action=\"\" data-trp-original-action=\"\">\n\t\t\t<div class=\"um-row _um_row_1\" style=\"margin: 0 0 30px 0;\"><div class=\"um-col-1\"><div  id=\"um_field_1981_first_name\" class=\"um-field um-field-text  um-field-first_name um-field-text um-field-type_text\" data-key=\"first_name\"><div class=\"um-field-label\"><label for=\"first_name-1981\">Vorname<span class=\"um-req\" title=\"Required\">*<\/span><\/label><div class=\"um-clear\"><\/div><\/div><div class=\"um-field-area\"><input  autocomplete=\"off\" class=\"um-form-field valid\" type=\"text\" name=\"first_name-1981\" id=\"first_name-1981\" value=\"\" placeholder=\"\" data-validate=\"\" data-key=\"first_name\"  aria-invalid=\"false\" \/>\n\n\t\t\t\t\t\t<\/div><\/div><div  id=\"um_field_1981_last_name\" class=\"um-field um-field-text  um-field-last_name um-field-text um-field-type_text\" data-key=\"last_name\"><div class=\"um-field-label\"><label for=\"last_name-1981\">Nachname<span class=\"um-req\" title=\"Required\">*<\/span><\/label><div class=\"um-clear\"><\/div><\/div><div class=\"um-field-area\"><input  autocomplete=\"off\" class=\"um-form-field valid\" type=\"text\" name=\"last_name-1981\" id=\"last_name-1981\" value=\"\" placeholder=\"\" data-validate=\"\" data-key=\"last_name\"  aria-invalid=\"false\" \/>\n\n\t\t\t\t\t\t<\/div><\/div><div  id=\"um_field_1981_username\" class=\"um-field um-field-text  um-field-username um-field-text um-field-type_text\" data-key=\"username\"><div class=\"um-field-label\"><label for=\"username-1981\">E-Mail<span class=\"um-req\" title=\"Required\">*<\/span><\/label><div class=\"um-clear\"><\/div><\/div><div class=\"um-field-area\"><input  autocomplete=\"off\" class=\"um-form-field valid\" type=\"text\" name=\"username-1981\" id=\"username-1981\" value=\"\" placeholder=\"\" data-validate=\"unique_username_or_email\" data-key=\"username\"  aria-invalid=\"false\" \/>\n\n\t\t\t\t\t\t<\/div><\/div><div  id=\"um_field_1981_user_email\" class=\"um-field um-field-text  um-field-user_email um-field-text um-field-type_text\" data-key=\"user_email\"><div class=\"um-field-label\"><label for=\"user_email-1981\">E-Mail-Adresse wiederholen<span class=\"um-req\" title=\"Required\">*<\/span><\/label><div class=\"um-clear\"><\/div><\/div><div class=\"um-field-area\"><input  autocomplete=\"off\" class=\"um-form-field valid\" type=\"text\" name=\"user_email-1981\" id=\"user_email-1981\" value=\"\" placeholder=\"\" data-validate=\"unique_email\" data-key=\"user_email\"  aria-invalid=\"false\" \/>\n\n\t\t\t\t\t\t<\/div><\/div><div  id=\"um_field_1981_user_password\" class=\"um-field um-field-password  um-field-user_password um-field-password um-field-type_password\" data-key=\"user_password\"><div class=\"um-field-label\"><label for=\"user_password-1981\">Passwort<span class=\"um-req\" title=\"Required\">*<\/span><\/label><div class=\"um-clear\"><\/div><\/div><div class=\"um-field-area\"><div class=\"um-field-area-password\">\n\t\t\t\t\t\t\t\t\t<input class=\"um-form-field valid\" type=\"password\" name=\"user_password-1981\" id=\"user_password-1981\" value=\"\" placeholder=\"\" data-validate=\"\" data-key=\"user_password\"  aria-invalid=\"false\" \/>\n\t\t\t\t\t\t\t\t\t<span class=\"um-toggle-password\"><i class=\"um-icon-eye\"><\/i><\/span>\n\t\t\t\t\t\t\t\t<\/div>\n\t\t\t\t\t\t\t<\/div><\/div><div  id=\"um_field_1981_confirm_user_password\" class=\"um-field um-field-password  um-field-user_password um-field-password um-field-type_password\" data-key=\"confirm_user_password\"><div class=\"um-field-label\"><label for=\"confirm_user_password-1981\">Passwort best\u00e4tigen<span class=\"um-req\" title=\"Required\">*<\/span><\/label><div class=\"um-clear\"><\/div><\/div><div class=\"um-field-area\"><div class=\"um-field-area-password\"><input class=\"um-form-field valid\" type=\"password\" name=\"confirm_user_password-1981\" id=\"confirm_user_password-1981\" value=\"\" placeholder=\"Passwort best\u00e4tigen\" data-validate=\"\" data-key=\"confirm_user_password\"  aria-invalid=\"false\" \/><span class=\"um-toggle-password\"><i class=\"um-icon-eye\"><\/i><\/span><\/div><\/div><\/div><div  id=\"um_field_1981_datenschutz\" class=\"um-field um-field-checkbox  um-field-datenschutz um-field-checkbox um-field-type_checkbox\" data-key=\"datenschutz\"  aria-invalid=\"false\" ><div class=\"um-field-label\"><label for=\"datenschutz-1981\">Data Protection<\/label><div class=\"um-clear\"><\/div><\/div><div class=\"um-field-area\"><label class=\"um-field-checkbox  um-field-half\"><input   type=\"checkbox\" name=\"datenschutz[]\" value=\"Hiermit erkl\u00e4re ich, dass ich die Datenschutzerkl\u00e4rung gelesen habe und dieser zustimme\"  \/><span class=\"um-field-checkbox-state\"><i class=\"um-icon-android-checkbox-outline-blank\"><\/i><\/span><span class=\"um-field-checkbox-option\">Hiermit erkl\u00e4re ich, dass ich die Datenschutzerkl\u00e4rung gelesen habe und dieser zustimme<\/span><\/label><div class=\"um-clear\"><\/div><\/div><\/div><div  id=\"um_field_1981_AGB\" class=\"um-field um-field-checkbox  um-field-AGB um-field-checkbox um-field-type_checkbox\" data-key=\"AGB\"  aria-invalid=\"false\" ><div class=\"um-field-label\"><label for=\"AGB-1981\">Terms and Conditions<\/label><div class=\"um-clear\"><\/div><\/div><div class=\"um-field-area\"><label class=\"um-field-checkbox  um-field-half\"><input   type=\"checkbox\" name=\"AGB[]\" value=\"Hiermit erkl\u00e4re ich, dass ich die AGB gelesen habe und diesen zustimme.\"  \/><span class=\"um-field-checkbox-state\"><i class=\"um-icon-android-checkbox-outline-blank\"><\/i><\/span><span class=\"um-field-checkbox-option\">Hiermit erkl\u00e4re ich, dass ich die AGB gelesen habe und diesen zustimme.<\/span><\/label><div class=\"um-clear\"><\/div><\/div><\/div><div  id=\"um_field_1981_mails\" class=\"um-field um-field-checkbox  um-field-mails um-field-checkbox um-field-type_checkbox\" data-key=\"mails\"  aria-invalid=\"false\" ><div class=\"um-field-label\"><label for=\"mails-1981\">Zustimmung zu E-Mails<\/label><div class=\"um-clear\"><\/div><\/div><div class=\"um-field-area\"><label class=\"um-field-checkbox  um-field-half\"><input   type=\"checkbox\" name=\"mails[]\" value=\"Ja, ich m\u00f6chte E-Mails mit interessanten Job-Angeboten und n\u00fctzlichen Berufsstarter-Informationen erhalten.\"  \/><span class=\"um-field-checkbox-state\"><i class=\"um-icon-android-checkbox-outline-blank\"><\/i><\/span><span class=\"um-field-checkbox-option\">Ja, ich m\u00f6chte E-Mails mit interessanten Job-Angeboten und n\u00fctzlichen Berufsstarter-Informationen erhalten.<\/span><\/label><div class=\"um-clear\"><\/div><\/div><\/div><\/div><\/div>\t<input type=\"hidden\" name=\"form_id\" id=\"form_id_1981\" value=\"1981\" \/>\n\t\t<p class=\"um_request_name\">\n\t\t<label for=\"um_request_1981\">Only fill in if you are not human<\/label>\n\t\t<input type=\"hidden\" name=\"um_request\" id=\"um_request_1981\" class=\"input\" value=\"\" size=\"25\" autocomplete=\"off\" \/>\n\t<\/p>\n\t<input type=\"hidden\" id=\"_wpnonce\" name=\"_wpnonce\" value=\"4baa72c43b\" \/><input type=\"hidden\" name=\"_wp_http_referer\" value=\"\/en\/wp-json\/wp\/v2\/pages\/1928\" \/><div class=\"frc-captcha\" data-sitekey=\"FCMOOA3OKQGQVIGV\" data-lang=\"en\" ><\/div>\n\t\t<noscript>You need to enable Javascript for the anti-spam check.<\/noscript><style>.frc-captcha {max-width:100%; margin-bottom: 1em}<\/style>\n\t<div class=\"um-col-alt\">\n\n\t\t\n\t\t\t<div class=\"um-left um-half\">\n\t\t\t\t<input type=\"submit\" value=\"Sign up\" class=\"um-button\" id=\"um-submit-btn\" \/>\n\t\t\t<\/div>\n\t\t\t<div class=\"um-right um-half\">\n\t\t\t\t<a href=\"\/en\/anmelden\/\" class=\"um-button um-alt\">\n\t\t\t\t\tAnmelden\t\t\t\t<\/a>\n\t\t\t<\/div>\n\n\t\t\n\t\t<div class=\"um-clear\"><\/div>\n\n\t<\/div>\n\n\t\t\t<input type=\"hidden\" name=\"trp-form-language\" value=\"en\"\/><\/form>\n\t<\/div>\n<\/div>\n<style>\n\t\t\t.um-1981.um {\n\t\t\tmax-width: 450px;\n\t\t}\n\t\t<\/style>\n<\/div>\n\t\t\t\t\t\t<\/div>\n\t\t\t\t<\/div>\n\t\t\t\t\t<\/div>\n\t\t<\/div>\n\t\t\t\t\t<\/div>\n\t\t<\/section>\n\t\t\t\t<\/div>","protected":false},"excerpt":{"rendered":"<p>Registrieren Die Registrierung ist schnell und kostenlos. Nach der Registrierung und Login kannst du direkt unter &#8220;Alle Kurse&#8221; Sprachkurs-Pakete buchen. Du bist noch unentschlossen? Nach Login findest du unter &#8220;Live-Veranstaltungen&#8221; in regelm\u00e4\u00dfigen Abst\u00e4nden Zoom-Konferenzen, in denen wir uns und den Sprachkurs vorstellen. Wir halten dich \u00fcber alle Neuerungen auf dem Laufenden.<\/p>","protected":false},"author":2,"featured_media":2711,"parent":0,"menu_order":0,"comment_status":"closed","ping_status":"closed","template":"","meta":{"site-sidebar-layout":"no-sidebar","site-content-layout":"page-builder","ast-site-content-layout":"default","site-content-style":"default","site-sidebar-style":"default","ast-global-header-display":"","ast-banner-title-visibility":"","ast-main-header-display":"","ast-hfb-above-header-display":"","ast-hfb-below-header-display":"","ast-hfb-mobile-header-display":"","site-post-title":"disabled","ast-breadcrumbs-content":"","ast-featured-img":"disabled","footer-sml-layout":"","ast-disable-related-posts":"","theme-transparent-header-meta":"","adv-header-id-meta":"","stick-header-meta":"","header-above-stick-meta":"","header-main-stick-meta":"","header-below-stick-meta":"","astra-migrate-meta-layouts":"default","ast-page-background-enabled":"default","ast-page-background-meta":{"desktop":{"background-color":"","background-image":"","background-repeat":"repeat","background-position":"center center","background-size":"auto","background-attachment":"scroll","background-type":"","background-media":"","overlay-type":"","overlay-color":"","overlay-opacity":"","overlay-gradient":""},"tablet":{"background-color":"","background-image":"","background-repeat":"repeat","background-position":"center center","background-size":"auto","background-attachment":"scroll","background-type":"","background-media":"","overlay-type":"","overlay-color":"","overlay-opacity":"","overlay-gradient":""},"mobile":{"background-color":"","background-image":"","background-repeat":"repeat","background-position":"center center","background-size":"auto","background-attachment":"scroll","background-type":"","background-media":"","overlay-type":"","overlay-color":"","overlay-opacity":"","overlay-gradient":""}},"ast-content-background-meta":{"desktop":{"background-color":"var(--ast-global-color-5)","background-image":"","background-repeat":"repeat","background-position":"center center","background-size":"auto","background-attachment":"scroll","background-type":"","background-media":"","overlay-type":"","overlay-color":"","overlay-opacity":"","overlay-gradient":""},"tablet":{"background-color":"var(--ast-global-color-5)","background-image":"","background-repeat":"repeat","background-position":"center center","background-size":"auto","background-attachment":"scroll","background-type":"","background-media":"","overlay-type":"","overlay-color":"","overlay-opacity":"","overlay-gradient":""},"mobile":{"background-color":"var(--ast-global-color-5)","background-image":"","background-repeat":"repeat","background-position":"center center","background-size":"auto","background-attachment":"scroll","background-type":"","background-media":"","overlay-type":"","overlay-color":"","overlay-opacity":"","overlay-gradient":""}},"_glsr_average":0,"_glsr_ranking":0,"_glsr_reviews":0,"footnotes":""},"class_list":["post-1928","page","type-page","status-publish","has-post-thumbnail","hentry"],"yoast_head":"<!-- This site is optimized with the Yoast SEO plugin v27.2 - https:\/\/yoast.com\/product\/yoast-seo-wordpress\/ -->\n<title>Registrieren | deutschkurs-tieraerzte.com<\/title>\n<meta name=\"description\" content=\"Auf dieser Seite k\u00f6nnen Sie sich kostenlos f\u00fcr den Online-Sprachkurs &quot;Deutschkurs f\u00fcr Tier\u00e4rzte&quot; registrieren.\" \/>\n<meta name=\"robots\" content=\"index, follow, max-snippet:-1, max-image-preview:large, max-video-preview:-1\" \/>\n<link rel=\"canonical\" href=\"https:\/\/www.deutschkurs-tieraerzte.com\/en\/registrieren\/\" \/>\n<meta property=\"og:locale\" content=\"en_US\" \/>\n<meta property=\"og:type\" content=\"article\" \/>\n<meta property=\"og:title\" content=\"Registrieren | deutschkurs-tieraerzte.com\" \/>\n<meta property=\"og:description\" content=\"Auf dieser Seite k\u00f6nnen Sie sich kostenlos f\u00fcr den Online-Sprachkurs &quot;Deutschkurs f\u00fcr Tier\u00e4rzte&quot; registrieren.\" \/>\n<meta property=\"og:url\" content=\"https:\/\/www.deutschkurs-tieraerzte.com\/en\/registrieren\/\" \/>\n<meta property=\"og:site_name\" content=\"deutschkurs-tieraerzte.com\" \/>\n<meta property=\"article:modified_time\" content=\"2024-06-03T13:07:37+00:00\" \/>\n<meta property=\"og:image\" content=\"https:\/\/www.deutschkurs-tieraerzte.com\/wp-content\/uploads\/2022\/06\/logo_final_sprechblasen_quadrat.png\" \/>\n\t<meta property=\"og:image:width\" content=\"995\" \/>\n\t<meta property=\"og:image:height\" content=\"995\" \/>\n\t<meta property=\"og:image:type\" content=\"image\/png\" \/>\n<meta name=\"twitter:card\" content=\"summary_large_image\" \/>\n<meta name=\"twitter:label1\" content=\"Est. reading time\" \/>\n\t<meta name=\"twitter:data1\" content=\"1 minute\" \/>\n<script type=\"application\/ld+json\" class=\"yoast-schema-graph\">{\"@context\":\"https:\/\/schema.org\",\"@graph\":[{\"@type\":\"WebPage\",\"@id\":\"https:\/\/www.deutschkurs-tieraerzte.com\/registrieren\/\",\"url\":\"https:\/\/www.deutschkurs-tieraerzte.com\/registrieren\/\",\"name\":\"Registrieren | deutschkurs-tieraerzte.com\",\"isPartOf\":{\"@id\":\"https:\/\/www.deutschkurs-tieraerzte.com\/#website\"},\"primaryImageOfPage\":{\"@id\":\"https:\/\/www.deutschkurs-tieraerzte.com\/registrieren\/#primaryimage\"},\"image\":{\"@id\":\"https:\/\/www.deutschkurs-tieraerzte.com\/registrieren\/#primaryimage\"},\"thumbnailUrl\":\"https:\/\/www.deutschkurs-tieraerzte.com\/wp-content\/uploads\/2022\/06\/logo_final_sprechblasen_quadrat.png\",\"datePublished\":\"2022-05-11T19:11:21+00:00\",\"dateModified\":\"2024-06-03T13:07:37+00:00\",\"description\":\"Auf dieser Seite k\u00f6nnen Sie sich kostenlos f\u00fcr den Online-Sprachkurs \\\"Deutschkurs f\u00fcr Tier\u00e4rzte\\\" registrieren.\",\"breadcrumb\":{\"@id\":\"https:\/\/www.deutschkurs-tieraerzte.com\/registrieren\/#breadcrumb\"},\"inLanguage\":\"en-US\",\"potentialAction\":[{\"@type\":\"ReadAction\",\"target\":[\"https:\/\/www.deutschkurs-tieraerzte.com\/registrieren\/\"]}]},{\"@type\":\"ImageObject\",\"inLanguage\":\"en-US\",\"@id\":\"https:\/\/www.deutschkurs-tieraerzte.com\/registrieren\/#primaryimage\",\"url\":\"https:\/\/www.deutschkurs-tieraerzte.com\/wp-content\/uploads\/2022\/06\/logo_final_sprechblasen_quadrat.png\",\"contentUrl\":\"https:\/\/www.deutschkurs-tieraerzte.com\/wp-content\/uploads\/2022\/06\/logo_final_sprechblasen_quadrat.png\",\"width\":995,\"height\":995},{\"@type\":\"BreadcrumbList\",\"@id\":\"https:\/\/www.deutschkurs-tieraerzte.com\/registrieren\/#breadcrumb\",\"itemListElement\":[{\"@type\":\"ListItem\",\"position\":1,\"name\":\"Startseite\",\"item\":\"https:\/\/www.deutschkurs-tieraerzte.com\/\"},{\"@type\":\"ListItem\",\"position\":2,\"name\":\"Registrieren\"}]},{\"@type\":\"WebSite\",\"@id\":\"https:\/\/www.deutschkurs-tieraerzte.com\/#website\",\"url\":\"https:\/\/www.deutschkurs-tieraerzte.com\/\",\"name\":\"deutschkurs-tieraerzte.com\",\"description\":\"Deutschkurs f\u00fcr Tier\u00e4rzte online\",\"publisher\":{\"@id\":\"https:\/\/www.deutschkurs-tieraerzte.com\/#organization\"},\"potentialAction\":[{\"@type\":\"SearchAction\",\"target\":{\"@type\":\"EntryPoint\",\"urlTemplate\":\"https:\/\/www.deutschkurs-tieraerzte.com\/?s={search_term_string}\"},\"query-input\":{\"@type\":\"PropertyValueSpecification\",\"valueRequired\":true,\"valueName\":\"search_term_string\"}}],\"inLanguage\":\"en-US\"},{\"@type\":\"Organization\",\"@id\":\"https:\/\/www.deutschkurs-tieraerzte.com\/#organization\",\"name\":\"Deutschkurs f\u00fcr Tier\u00e4rzte\",\"url\":\"https:\/\/www.deutschkurs-tieraerzte.com\/\",\"logo\":{\"@type\":\"ImageObject\",\"inLanguage\":\"en-US\",\"@id\":\"https:\/\/www.deutschkurs-tieraerzte.com\/#\/schema\/logo\/image\/\",\"url\":\"https:\/\/deutschkurs-tieraerzte.com\/wp-content\/uploads\/2022\/06\/Logo_final_text.png\",\"contentUrl\":\"https:\/\/deutschkurs-tieraerzte.com\/wp-content\/uploads\/2022\/06\/Logo_final_text.png\",\"width\":2342,\"height\":648,\"caption\":\"Deutschkurs f\u00fcr Tier\u00e4rzte\"},\"image\":{\"@id\":\"https:\/\/www.deutschkurs-tieraerzte.com\/#\/schema\/logo\/image\/\"}}]}<\/script>\n<!-- \/ Yoast SEO plugin. -->","yoast_head_json":{"title":"Registrieren | deutschkurs-tieraerzte.com","description":"Auf dieser Seite k\u00f6nnen Sie sich kostenlos f\u00fcr den Online-Sprachkurs \"Deutschkurs f\u00fcr Tier\u00e4rzte\" registrieren.","robots":{"index":"index","follow":"follow","max-snippet":"max-snippet:-1","max-image-preview":"max-image-preview:large","max-video-preview":"max-video-preview:-1"},"canonical":"https:\/\/www.deutschkurs-tieraerzte.com\/en\/registrieren\/","og_locale":"en_US","og_type":"article","og_title":"Registrieren | deutschkurs-tieraerzte.com","og_description":"Auf dieser Seite k\u00f6nnen Sie sich kostenlos f\u00fcr den Online-Sprachkurs \"Deutschkurs f\u00fcr Tier\u00e4rzte\" registrieren.","og_url":"https:\/\/www.deutschkurs-tieraerzte.com\/en\/registrieren\/","og_site_name":"deutschkurs-tieraerzte.com","article_modified_time":"2024-06-03T13:07:37+00:00","og_image":[{"width":995,"height":995,"url":"https:\/\/www.deutschkurs-tieraerzte.com\/wp-content\/uploads\/2022\/06\/logo_final_sprechblasen_quadrat.png","type":"image\/png"}],"twitter_card":"summary_large_image","twitter_misc":{"Est. reading time":"1 minute"},"schema":{"@context":"https:\/\/schema.org","@graph":[{"@type":"WebPage","@id":"https:\/\/www.deutschkurs-tieraerzte.com\/registrieren\/","url":"https:\/\/www.deutschkurs-tieraerzte.com\/registrieren\/","name":"Registrieren | deutschkurs-tieraerzte.com","isPartOf":{"@id":"https:\/\/www.deutschkurs-tieraerzte.com\/#website"},"primaryImageOfPage":{"@id":"https:\/\/www.deutschkurs-tieraerzte.com\/registrieren\/#primaryimage"},"image":{"@id":"https:\/\/www.deutschkurs-tieraerzte.com\/registrieren\/#primaryimage"},"thumbnailUrl":"https:\/\/www.deutschkurs-tieraerzte.com\/wp-content\/uploads\/2022\/06\/logo_final_sprechblasen_quadrat.png","datePublished":"2022-05-11T19:11:21+00:00","dateModified":"2024-06-03T13:07:37+00:00","description":"Auf dieser Seite k\u00f6nnen Sie sich kostenlos f\u00fcr den Online-Sprachkurs \"Deutschkurs f\u00fcr Tier\u00e4rzte\" registrieren.","breadcrumb":{"@id":"https:\/\/www.deutschkurs-tieraerzte.com\/registrieren\/#breadcrumb"},"inLanguage":"en-US","potentialAction":[{"@type":"ReadAction","target":["https:\/\/www.deutschkurs-tieraerzte.com\/registrieren\/"]}]},{"@type":"ImageObject","inLanguage":"en-US","@id":"https:\/\/www.deutschkurs-tieraerzte.com\/registrieren\/#primaryimage","url":"https:\/\/www.deutschkurs-tieraerzte.com\/wp-content\/uploads\/2022\/06\/logo_final_sprechblasen_quadrat.png","contentUrl":"https:\/\/www.deutschkurs-tieraerzte.com\/wp-content\/uploads\/2022\/06\/logo_final_sprechblasen_quadrat.png","width":995,"height":995},{"@type":"BreadcrumbList","@id":"https:\/\/www.deutschkurs-tieraerzte.com\/registrieren\/#breadcrumb","itemListElement":[{"@type":"ListItem","position":1,"name":"Startseite","item":"https:\/\/www.deutschkurs-tieraerzte.com\/"},{"@type":"ListItem","position":2,"name":"Registrieren"}]},{"@type":"WebSite","@id":"https:\/\/www.deutschkurs-tieraerzte.com\/#website","url":"https:\/\/www.deutschkurs-tieraerzte.com\/","name":"deutschkurs-tieraerzte.com","description":"Deutschkurs f\u00fcr Tier\u00e4rzte online","publisher":{"@id":"https:\/\/www.deutschkurs-tieraerzte.com\/#organization"},"potentialAction":[{"@type":"SearchAction","target":{"@type":"EntryPoint","urlTemplate":"https:\/\/www.deutschkurs-tieraerzte.com\/?s={search_term_string}"},"query-input":{"@type":"PropertyValueSpecification","valueRequired":true,"valueName":"search_term_string"}}],"inLanguage":"en-US"},{"@type":"Organization","@id":"https:\/\/www.deutschkurs-tieraerzte.com\/#organization","name":"Deutschkurs f\u00fcr Tier\u00e4rzte","url":"https:\/\/www.deutschkurs-tieraerzte.com\/","logo":{"@type":"ImageObject","inLanguage":"en-US","@id":"https:\/\/www.deutschkurs-tieraerzte.com\/#\/schema\/logo\/image\/","url":"https:\/\/deutschkurs-tieraerzte.com\/wp-content\/uploads\/2022\/06\/Logo_final_text.png","contentUrl":"https:\/\/deutschkurs-tieraerzte.com\/wp-content\/uploads\/2022\/06\/Logo_final_text.png","width":2342,"height":648,"caption":"Deutschkurs f\u00fcr Tier\u00e4rzte"},"image":{"@id":"https:\/\/www.deutschkurs-tieraerzte.com\/#\/schema\/logo\/image\/"}}]}},"publishpress_future_action":{"enabled":false,"date":"2026-05-08 06:20:20","action":"change-status","newStatus":"draft","terms":[],"taxonomy":"","extraData":[]},"publishpress_future_workflow_manual_trigger":{"enabledWorkflows":[]},"_links":{"self":[{"href":"https:\/\/www.deutschkurs-tieraerzte.com\/en\/wp-json\/wp\/v2\/pages\/1928","targetHints":{"allow":["GET"]}}],"collection":[{"href":"https:\/\/www.deutschkurs-tieraerzte.com\/en\/wp-json\/wp\/v2\/pages"}],"about":[{"href":"https:\/\/www.deutschkurs-tieraerzte.com\/en\/wp-json\/wp\/v2\/types\/page"}],"author":[{"embeddable":true,"href":"https:\/\/www.deutschkurs-tieraerzte.com\/en\/wp-json\/wp\/v2\/users\/2"}],"replies":[{"embeddable":true,"href":"https:\/\/www.deutschkurs-tieraerzte.com\/en\/wp-json\/wp\/v2\/comments?post=1928"}],"version-history":[{"count":9,"href":"https:\/\/www.deutschkurs-tieraerzte.com\/en\/wp-json\/wp\/v2\/pages\/1928\/revisions"}],"predecessor-version":[{"id":10690,"href":"https:\/\/www.deutschkurs-tieraerzte.com\/en\/wp-json\/wp\/v2\/pages\/1928\/revisions\/10690"}],"wp:featuredmedia":[{"embeddable":true,"href":"https:\/\/www.deutschkurs-tieraerzte.com\/en\/wp-json\/wp\/v2\/media\/2711"}],"wp:attachment":[{"href":"https:\/\/www.deutschkurs-tieraerzte.com\/en\/wp-json\/wp\/v2\/media?parent=1928"}],"curies":[{"name":"wp","href":"https:\/\/api.w.org\/{rel}","templated":true}]}}