{"id":2047,"date":"2022-05-16T08:38:11","date_gmt":"2022-05-16T06:38:11","guid":{"rendered":"https:\/\/deutschkurs-tieraerzte.com\/password-reset\/"},"modified":"2022-08-03T15:03:32","modified_gmt":"2022-08-03T13:03:32","slug":"password-reset","status":"publish","type":"page","link":"https:\/\/www.deutschkurs-tieraerzte.com\/en\/password-reset\/","title":{"rendered":"Reset password"},"content":{"rendered":"<div class=\"um um-password um-um_password_id\">\n\t<div class=\"um-form\">\n\t\t<form method=\"post\" action=\"\" data-trp-original-action=\"\">\n\t\t\t\n\t\t\t\t<input type=\"hidden\" name=\"_um_password_reset\" id=\"_um_password_reset\" value=\"1\" \/>\n\n\t\t\t\t\t\t\t\t\t<div class=\"um-field um-field-block um-field-type_block\">\n\t\t\t\t\t\t<div class=\"um-field-block\">\n\t\t\t\t\t\t\t<div style=\"text-align:center;\">\n\t\t\t\t\t\t\t\tTo reset your password, please enter your email address or username below.\t\t\t\t\t\t\t<\/div>\n\t\t\t\t\t\t<\/div>\n\t\t\t\t\t<\/div>\n\t\t\t\t\t<div  id=\"um_field_0_username_b\" class=\"um-field um-field-text  um-field-username_b um-field-text um-field-type_text\" data-key=\"username_b\"><div class=\"um-field-area\"><input  autocomplete=\"off\" class=\"um-form-field valid\" type=\"text\" name=\"username_b\" id=\"username_b\" value=\"\" placeholder=\"Enter your username or email\" data-validate=\"\" data-key=\"username_b\"  aria-invalid=\"false\" \/>\n\n\t\t\t\t\t\t<\/div><\/div>\t\t\t\t<div class=\"um-col-alt um-col-alt-b\">\n\t\t\t\t\t<div class=\"um-center\">\n\t\t\t\t\t\t<input type=\"submit\" value=\"Reset password\" class=\"um-button\" id=\"um-submit-btn\" \/>\n\t\t\t\t\t<\/div>\n\t\t\t\t\t<div class=\"um-clear\"><\/div>\n\t\t\t\t<\/div>\n\t\t\t\t\t<input type=\"hidden\" name=\"form_id\" id=\"form_id_um_password_id\" value=\"um_password_id\" \/>\n\t\t<p class=\"um_request_name\">\n\t\t<label for=\"um_request_um_password_id\">Only fill in if you are not human<\/label>\n\t\t<input type=\"hidden\" name=\"um_request\" id=\"um_request_um_password_id\" class=\"input\" value=\"\" size=\"25\" autocomplete=\"off\" \/>\n\t<\/p>\n\t\t\t<input type=\"hidden\" name=\"trp-form-language\" value=\"en\"\/><\/form>\n\t<\/div>\n<\/div>\n<style>\n\t\t\t.um-um_password_id.um {\n\t\t\tmax-width: 450px;\n\t\t}\n\t\t<\/style>","protected":false},"excerpt":{"rendered":"","protected":false},"author":2,"featured_media":0,"parent":0,"menu_order":0,"comment_status":"closed","ping_status":"closed","template":"","meta":{"site-sidebar-layout":"default","site-content-layout":"","ast-site-content-layout":"default","site-content-style":"default","site-sidebar-style":"default","ast-global-header-display":"","ast-banner-title-visibility":"","ast-main-header-display":"","ast-hfb-above-header-display":"","ast-hfb-below-header-display":"","ast-hfb-mobile-header-display":"","site-post-title":"","ast-breadcrumbs-content":"","ast-featured-img":"","footer-sml-layout":"","ast-disable-related-posts":"","theme-transparent-header-meta":"","adv-header-id-meta":"","stick-header-meta":"","header-above-stick-meta":"","header-main-stick-meta":"","header-below-stick-meta":"","astra-migrate-meta-layouts":"default","ast-page-background-enabled":"default","ast-page-background-meta":{"desktop":{"background-color":"","background-image":"","background-repeat":"repeat","background-position":"center center","background-size":"auto","background-attachment":"scroll","background-type":"","background-media":"","overlay-type":"","overlay-color":"","overlay-opacity":"","overlay-gradient":""},"tablet":{"background-color":"","background-image":"","background-repeat":"repeat","background-position":"center center","background-size":"auto","background-attachment":"scroll","background-type":"","background-media":"","overlay-type":"","overlay-color":"","overlay-opacity":"","overlay-gradient":""},"mobile":{"background-color":"","background-image":"","background-repeat":"repeat","background-position":"center center","background-size":"auto","background-attachment":"scroll","background-type":"","background-media":"","overlay-type":"","overlay-color":"","overlay-opacity":"","overlay-gradient":""}},"ast-content-background-meta":{"desktop":{"background-color":"var(--ast-global-color-5)","background-image":"","background-repeat":"repeat","background-position":"center center","background-size":"auto","background-attachment":"scroll","background-type":"","background-media":"","overlay-type":"","overlay-color":"","overlay-opacity":"","overlay-gradient":""},"tablet":{"background-color":"var(--ast-global-color-5)","background-image":"","background-repeat":"repeat","background-position":"center center","background-size":"auto","background-attachment":"scroll","background-type":"","background-media":"","overlay-type":"","overlay-color":"","overlay-opacity":"","overlay-gradient":""},"mobile":{"background-color":"var(--ast-global-color-5)","background-image":"","background-repeat":"repeat","background-position":"center center","background-size":"auto","background-attachment":"scroll","background-type":"","background-media":"","overlay-type":"","overlay-color":"","overlay-opacity":"","overlay-gradient":""}},"_glsr_average":0,"_glsr_ranking":0,"_glsr_reviews":0,"footnotes":""},"class_list":["post-2047","page","type-page","status-publish","hentry"],"yoast_head":"<!-- This site is optimized with the Yoast SEO plugin v27.6 - https:\/\/yoast.com\/product\/yoast-seo-wordpress\/ -->\n<title>Passwort zur\u00fccksetzen | deutschkurs-tieraerzte.com<\/title>\n<meta name=\"description\" content=\"Hier k\u00f6nnen Sie Ihr Passwort zur\u00fccksetzen.\" \/>\n<meta name=\"robots\" content=\"noindex, nofollow\" \/>\n<meta property=\"og:locale\" content=\"en_US\" \/>\n<meta property=\"og:type\" content=\"article\" \/>\n<meta property=\"og:title\" content=\"Passwort zur\u00fccksetzen | deutschkurs-tieraerzte.com\" \/>\n<meta property=\"og:description\" content=\"Hier k\u00f6nnen Sie Ihr Passwort zur\u00fccksetzen.\" \/>\n<meta property=\"og:url\" content=\"https:\/\/www.deutschkurs-tieraerzte.com\/en\/password-reset\/\" \/>\n<meta property=\"og:site_name\" content=\"deutschkurs-tieraerzte.com\" \/>\n<meta property=\"article:modified_time\" content=\"2022-08-03T13:03:32+00:00\" \/>\n<meta name=\"twitter:card\" content=\"summary_large_image\" \/>\n<meta name=\"twitter:label1\" content=\"Est. reading time\" \/>\n\t<meta name=\"twitter:data1\" content=\"1 minute\" \/>\n<script type=\"application\/ld+json\" class=\"yoast-schema-graph\">{\"@context\":\"https:\\\/\\\/schema.org\",\"@graph\":[{\"@type\":\"WebPage\",\"@id\":\"https:\\\/\\\/www.deutschkurs-tieraerzte.com\\\/password-reset\\\/\",\"url\":\"https:\\\/\\\/www.deutschkurs-tieraerzte.com\\\/password-reset\\\/\",\"name\":\"Passwort zur\u00fccksetzen | deutschkurs-tieraerzte.com\",\"isPartOf\":{\"@id\":\"https:\\\/\\\/www.deutschkurs-tieraerzte.com\\\/#website\"},\"datePublished\":\"2022-05-16T06:38:11+00:00\",\"dateModified\":\"2022-08-03T13:03:32+00:00\",\"description\":\"Hier k\u00f6nnen Sie Ihr Passwort zur\u00fccksetzen.\",\"breadcrumb\":{\"@id\":\"https:\\\/\\\/www.deutschkurs-tieraerzte.com\\\/password-reset\\\/#breadcrumb\"},\"inLanguage\":\"en-US\",\"potentialAction\":[{\"@type\":\"ReadAction\",\"target\":[\"https:\\\/\\\/www.deutschkurs-tieraerzte.com\\\/password-reset\\\/\"]}]},{\"@type\":\"BreadcrumbList\",\"@id\":\"https:\\\/\\\/www.deutschkurs-tieraerzte.com\\\/password-reset\\\/#breadcrumb\",\"itemListElement\":[{\"@type\":\"ListItem\",\"position\":1,\"name\":\"Startseite\",\"item\":\"https:\\\/\\\/www.deutschkurs-tieraerzte.com\\\/\"},{\"@type\":\"ListItem\",\"position\":2,\"name\":\"Passwort zur\u00fccksetzen\"}]},{\"@type\":\"WebSite\",\"@id\":\"https:\\\/\\\/www.deutschkurs-tieraerzte.com\\\/#website\",\"url\":\"https:\\\/\\\/www.deutschkurs-tieraerzte.com\\\/\",\"name\":\"deutschkurs-tieraerzte.com\",\"description\":\"Deutschkurs f\u00fcr Tier\u00e4rzte online\",\"publisher\":{\"@id\":\"https:\\\/\\\/www.deutschkurs-tieraerzte.com\\\/#organization\"},\"potentialAction\":[{\"@type\":\"SearchAction\",\"target\":{\"@type\":\"EntryPoint\",\"urlTemplate\":\"https:\\\/\\\/www.deutschkurs-tieraerzte.com\\\/?s={search_term_string}\"},\"query-input\":{\"@type\":\"PropertyValueSpecification\",\"valueRequired\":true,\"valueName\":\"search_term_string\"}}],\"inLanguage\":\"en-US\"},{\"@type\":\"Organization\",\"@id\":\"https:\\\/\\\/www.deutschkurs-tieraerzte.com\\\/#organization\",\"name\":\"Deutschkurs f\u00fcr Tier\u00e4rzte\",\"url\":\"https:\\\/\\\/www.deutschkurs-tieraerzte.com\\\/\",\"logo\":{\"@type\":\"ImageObject\",\"inLanguage\":\"en-US\",\"@id\":\"https:\\\/\\\/www.deutschkurs-tieraerzte.com\\\/#\\\/schema\\\/logo\\\/image\\\/\",\"url\":\"https:\\\/\\\/deutschkurs-tieraerzte.com\\\/wp-content\\\/uploads\\\/2022\\\/06\\\/Logo_final_text.png\",\"contentUrl\":\"https:\\\/\\\/deutschkurs-tieraerzte.com\\\/wp-content\\\/uploads\\\/2022\\\/06\\\/Logo_final_text.png\",\"width\":2342,\"height\":648,\"caption\":\"Deutschkurs f\u00fcr Tier\u00e4rzte\"},\"image\":{\"@id\":\"https:\\\/\\\/www.deutschkurs-tieraerzte.com\\\/#\\\/schema\\\/logo\\\/image\\\/\"}}]}<\/script>\n<!-- \/ Yoast SEO plugin. -->","yoast_head_json":{"title":"Passwort zur\u00fccksetzen | deutschkurs-tieraerzte.com","description":"Hier k\u00f6nnen Sie Ihr Passwort zur\u00fccksetzen.","robots":{"index":"noindex","follow":"nofollow"},"og_locale":"en_US","og_type":"article","og_title":"Passwort zur\u00fccksetzen | deutschkurs-tieraerzte.com","og_description":"Hier k\u00f6nnen Sie Ihr Passwort zur\u00fccksetzen.","og_url":"https:\/\/www.deutschkurs-tieraerzte.com\/en\/password-reset\/","og_site_name":"deutschkurs-tieraerzte.com","article_modified_time":"2022-08-03T13:03:32+00:00","twitter_card":"summary_large_image","twitter_misc":{"Est. reading time":"1 minute"},"schema":{"@context":"https:\/\/schema.org","@graph":[{"@type":"WebPage","@id":"https:\/\/www.deutschkurs-tieraerzte.com\/password-reset\/","url":"https:\/\/www.deutschkurs-tieraerzte.com\/password-reset\/","name":"Passwort zur\u00fccksetzen | deutschkurs-tieraerzte.com","isPartOf":{"@id":"https:\/\/www.deutschkurs-tieraerzte.com\/#website"},"datePublished":"2022-05-16T06:38:11+00:00","dateModified":"2022-08-03T13:03:32+00:00","description":"Hier k\u00f6nnen Sie Ihr Passwort zur\u00fccksetzen.","breadcrumb":{"@id":"https:\/\/www.deutschkurs-tieraerzte.com\/password-reset\/#breadcrumb"},"inLanguage":"en-US","potentialAction":[{"@type":"ReadAction","target":["https:\/\/www.deutschkurs-tieraerzte.com\/password-reset\/"]}]},{"@type":"BreadcrumbList","@id":"https:\/\/www.deutschkurs-tieraerzte.com\/password-reset\/#breadcrumb","itemListElement":[{"@type":"ListItem","position":1,"name":"Startseite","item":"https:\/\/www.deutschkurs-tieraerzte.com\/"},{"@type":"ListItem","position":2,"name":"Passwort zur\u00fccksetzen"}]},{"@type":"WebSite","@id":"https:\/\/www.deutschkurs-tieraerzte.com\/#website","url":"https:\/\/www.deutschkurs-tieraerzte.com\/","name":"deutschkurs-tieraerzte.com","description":"Deutschkurs f\u00fcr Tier\u00e4rzte online","publisher":{"@id":"https:\/\/www.deutschkurs-tieraerzte.com\/#organization"},"potentialAction":[{"@type":"SearchAction","target":{"@type":"EntryPoint","urlTemplate":"https:\/\/www.deutschkurs-tieraerzte.com\/?s={search_term_string}"},"query-input":{"@type":"PropertyValueSpecification","valueRequired":true,"valueName":"search_term_string"}}],"inLanguage":"en-US"},{"@type":"Organization","@id":"https:\/\/www.deutschkurs-tieraerzte.com\/#organization","name":"Deutschkurs f\u00fcr Tier\u00e4rzte","url":"https:\/\/www.deutschkurs-tieraerzte.com\/","logo":{"@type":"ImageObject","inLanguage":"en-US","@id":"https:\/\/www.deutschkurs-tieraerzte.com\/#\/schema\/logo\/image\/","url":"https:\/\/deutschkurs-tieraerzte.com\/wp-content\/uploads\/2022\/06\/Logo_final_text.png","contentUrl":"https:\/\/deutschkurs-tieraerzte.com\/wp-content\/uploads\/2022\/06\/Logo_final_text.png","width":2342,"height":648,"caption":"Deutschkurs f\u00fcr Tier\u00e4rzte"},"image":{"@id":"https:\/\/www.deutschkurs-tieraerzte.com\/#\/schema\/logo\/image\/"}}]}},"publishpress_future_action":{"enabled":false,"date":"2026-05-20 15:54:09","action":"change-status","newStatus":"draft","terms":[],"taxonomy":"","extraData":[]},"publishpress_future_workflow_manual_trigger":{"enabledWorkflows":[]},"_links":{"self":[{"href":"https:\/\/www.deutschkurs-tieraerzte.com\/en\/wp-json\/wp\/v2\/pages\/2047","targetHints":{"allow":["GET"]}}],"collection":[{"href":"https:\/\/www.deutschkurs-tieraerzte.com\/en\/wp-json\/wp\/v2\/pages"}],"about":[{"href":"https:\/\/www.deutschkurs-tieraerzte.com\/en\/wp-json\/wp\/v2\/types\/page"}],"author":[{"embeddable":true,"href":"https:\/\/www.deutschkurs-tieraerzte.com\/en\/wp-json\/wp\/v2\/users\/2"}],"replies":[{"embeddable":true,"href":"https:\/\/www.deutschkurs-tieraerzte.com\/en\/wp-json\/wp\/v2\/comments?post=2047"}],"version-history":[{"count":0,"href":"https:\/\/www.deutschkurs-tieraerzte.com\/en\/wp-json\/wp\/v2\/pages\/2047\/revisions"}],"wp:attachment":[{"href":"https:\/\/www.deutschkurs-tieraerzte.com\/en\/wp-json\/wp\/v2\/media?parent=2047"}],"curies":[{"name":"wp","href":"https:\/\/api.w.org\/{rel}","templated":true}]}}