{"id":2659,"date":"2022-06-17T17:57:26","date_gmt":"2022-06-17T15:57:26","guid":{"rendered":"https:\/\/deutschkurs-tieraerzte.com\/?page_id=2659"},"modified":"2022-08-22T13:30:55","modified_gmt":"2022-08-22T11:30:55","slug":"kooperationen","status":"publish","type":"page","link":"https:\/\/www.deutschkurs-tieraerzte.com\/en\/kooperationen\/","title":{"rendered":"Collaborations"},"content":{"rendered":"<div data-elementor-type=\"wp-page\" data-elementor-id=\"2659\" class=\"elementor elementor-2659\" data-elementor-post-type=\"page\">\n\t\t\t\t\t\t<section class=\"elementor-section elementor-top-section elementor-element elementor-element-bd09483 elementor-section-boxed elementor-section-height-default elementor-section-height-default\" data-id=\"bd09483\" data-element_type=\"section\" data-e-type=\"section\">\n\t\t\t\t\t\t<div class=\"elementor-container elementor-column-gap-default\">\n\t\t\t\t\t<div class=\"elementor-column elementor-col-100 elementor-top-column elementor-element elementor-element-d42f2f8\" data-id=\"d42f2f8\" data-element_type=\"column\" data-e-type=\"column\">\n\t\t\t<div class=\"elementor-widget-wrap elementor-element-populated\">\n\t\t\t\t\t\t<div class=\"elementor-element elementor-element-ef29520 elementor-widget elementor-widget-heading\" data-id=\"ef29520\" data-element_type=\"widget\" data-e-type=\"widget\" data-widget_type=\"heading.default\">\n\t\t\t\t<div class=\"elementor-widget-container\">\n\t\t\t\t\t<h2 class=\"elementor-heading-title elementor-size-default\">Our cooperation partners<\/h2>\t\t\t\t<\/div>\n\t\t\t\t<\/div>\n\t\t\t\t<div class=\"elementor-element elementor-element-dc48232 elementor-widget elementor-widget-text-editor\" data-id=\"dc48232\" data-element_type=\"widget\" data-e-type=\"widget\" data-widget_type=\"text-editor.default\">\n\t\t\t\t<div class=\"elementor-widget-container\">\n\t\t\t\t\t\t\t\t\t<p>Here you can find more helpful websites on your way to a veterinarian job in Germany.<\/p>\t\t\t\t\t\t\t\t<\/div>\n\t\t\t\t<\/div>\n\t\t\t\t\t<\/div>\n\t\t<\/div>\n\t\t\t\t\t<\/div>\n\t\t<\/section>\n\t\t\t\t<section class=\"elementor-section elementor-top-section elementor-element elementor-element-2ae1f91 elementor-section-boxed elementor-section-height-default elementor-section-height-default\" data-id=\"2ae1f91\" data-element_type=\"section\" data-e-type=\"section\">\n\t\t\t\t\t\t<div class=\"elementor-container elementor-column-gap-default\">\n\t\t\t\t\t<div class=\"elementor-column elementor-col-50 elementor-top-column elementor-element elementor-element-9d04532\" data-id=\"9d04532\" data-element_type=\"column\" data-e-type=\"column\">\n\t\t\t<div class=\"elementor-widget-wrap elementor-element-populated\">\n\t\t\t\t\t\t<div class=\"elementor-element elementor-element-b587c1b elementor-cta--skin-classic elementor-animated-content elementor-bg-transform elementor-bg-transform-zoom-in elementor-widget elementor-widget-call-to-action\" data-id=\"b587c1b\" data-element_type=\"widget\" data-e-type=\"widget\" data-widget_type=\"call-to-action.default\">\n\t\t\t\t<div class=\"elementor-widget-container\">\n\t\t\t\t\t\t\t<a class=\"elementor-cta\" href=\"https:\/\/www.support4vetmed.de\/\" target=\"_blank\">\n\t\t\t\t\t<div class=\"elementor-cta__bg-wrapper\">\n\t\t\t\t<div class=\"elementor-cta__bg elementor-bg\" style=\"background-image: url(https:\/\/www.deutschkurs-tieraerzte.com\/wp-content\/uploads\/2022\/06\/logo-support4vetmed-768x417.png);\" role=\"img\" aria-label=\"logo-support4vetmed\"><\/div>\n\t\t\t\t<div class=\"elementor-cta__bg-overlay\"><\/div>\n\t\t\t<\/div>\n\t\t\t\t\t\t\t<div class=\"elementor-cta__content\">\n\t\t\t\t\n\t\t\t\t\t\t\t\t\t<h3 class=\"elementor-cta__title elementor-cta__content-item elementor-content-item\">\n\t\t\t\t\t\tsupport4vetmed.de\t\t\t\t\t<\/h3>\n\t\t\t\t\n\t\t\t\t\t\t\t\t\t<div class=\"elementor-cta__description elementor-cta__content-item elementor-content-item translation-block\">Support for the recognition of your license to practice veterinary medicine in Germany: e-learning courses to prepare for the knowledge examinations as a veterinarian<\/div>\n\t\t\t\t\n\t\t\t\t\t\t\t\t\t<div class=\"elementor-cta__button-wrapper elementor-cta__content-item elementor-content-item\">\n\t\t\t\t\t<span class=\"elementor-cta__button elementor-button elementor-size-\">\n\t\t\t\t\t\tHier klicken\t\t\t\t\t<\/span>\n\t\t\t\t\t<\/div>\n\t\t\t\t\t\t\t<\/div>\n\t\t\t\t\t\t<\/a>\n\t\t\t\t\t\t<\/div>\n\t\t\t\t<\/div>\n\t\t\t\t\t<\/div>\n\t\t<\/div>\n\t\t\t\t<div class=\"elementor-column elementor-col-50 elementor-top-column elementor-element elementor-element-fdda062\" data-id=\"fdda062\" data-element_type=\"column\" data-e-type=\"column\">\n\t\t\t<div class=\"elementor-widget-wrap elementor-element-populated\">\n\t\t\t\t\t\t<div class=\"elementor-element elementor-element-a5053bb elementor-widget elementor-widget-video\" data-id=\"a5053bb\" data-element_type=\"widget\" data-e-type=\"widget\" data-settings=\"{&quot;video_type&quot;:&quot;vimeo&quot;}\" data-widget_type=\"video.default\">\n\t\t\t\t<div class=\"elementor-widget-container\">\n\t\t\t\t\t\t\t<div class=\"elementor-wrapper elementor-open-inline\">\n\t\t\t<iframe class=\"elementor-video-iframe\" allowfullscreen allow=\"clipboard-write\" title=\"vimeo Video Player\" src=\"https:\/\/player.vimeo.com\/video\/741836752?color&amp;autopause=0&amp;loop=0&amp;muted=0&amp;title=1&amp;portrait=1&amp;byline=1#t=\"><\/iframe>\t\t<\/div>\n\t\t\t\t\t\t<\/div>\n\t\t\t\t<\/div>\n\t\t\t\t\t<\/div>\n\t\t<\/div>\n\t\t\t\t\t<\/div>\n\t\t<\/section>\n\t\t\t\t<section class=\"elementor-section elementor-top-section elementor-element elementor-element-1aff3d0 elementor-section-boxed elementor-section-height-default elementor-section-height-default\" data-id=\"1aff3d0\" data-element_type=\"section\" data-e-type=\"section\">\n\t\t\t\t\t\t<div class=\"elementor-container elementor-column-gap-default\">\n\t\t\t\t\t<div class=\"elementor-column elementor-col-50 elementor-top-column elementor-element elementor-element-6b17b31\" data-id=\"6b17b31\" data-element_type=\"column\" data-e-type=\"column\">\n\t\t\t<div class=\"elementor-widget-wrap elementor-element-populated\">\n\t\t\t\t\t\t<div class=\"elementor-element elementor-element-1c21045 elementor-cta--skin-classic elementor-animated-content elementor-bg-transform elementor-bg-transform-zoom-in elementor-widget elementor-widget-call-to-action\" data-id=\"1c21045\" data-element_type=\"widget\" data-e-type=\"widget\" data-widget_type=\"call-to-action.default\">\n\t\t\t\t<div class=\"elementor-widget-container\">\n\t\t\t\t\t\t\t<a class=\"elementor-cta\" href=\"https:\/\/www.vetjobs24.com\/de\" target=\"_blank\">\n\t\t\t\t\t<div class=\"elementor-cta__bg-wrapper\">\n\t\t\t\t<div class=\"elementor-cta__bg elementor-bg\" style=\"background-image: url(https:\/\/www.deutschkurs-tieraerzte.com\/wp-content\/uploads\/2022\/06\/logo-vetjobs-1024x555.png);\" role=\"img\" aria-label=\"logo-vetjobs\"><\/div>\n\t\t\t\t<div class=\"elementor-cta__bg-overlay\"><\/div>\n\t\t\t<\/div>\n\t\t\t\t\t\t\t<div class=\"elementor-cta__content\">\n\t\t\t\t\n\t\t\t\t\t\t\t\t\t<h3 class=\"elementor-cta__title elementor-cta__content-item elementor-content-item\">\n\t\t\t\t\t\tvetjobs24.com\t\t\t\t\t<\/h3>\n\t\t\t\t\n\t\t\t\t\t\t\t\t\t<div class=\"elementor-cta__description elementor-cta__content-item elementor-content-item\">\n\t\t\t\t\t\t<b>Job portal<\/b> for veterinarians\t\t\t\t\t<\/div>\n\t\t\t\t\n\t\t\t\t\t\t\t\t\t<div class=\"elementor-cta__button-wrapper elementor-cta__content-item elementor-content-item\">\n\t\t\t\t\t<span class=\"elementor-cta__button elementor-button elementor-size-\">\n\t\t\t\t\t\tHier klicken\t\t\t\t\t<\/span>\n\t\t\t\t\t<\/div>\n\t\t\t\t\t\t\t<\/div>\n\t\t\t\t\t\t<\/a>\n\t\t\t\t\t\t<\/div>\n\t\t\t\t<\/div>\n\t\t\t\t\t<\/div>\n\t\t<\/div>\n\t\t\t\t<div class=\"elementor-column elementor-col-50 elementor-top-column elementor-element elementor-element-ffb04da\" data-id=\"ffb04da\" data-element_type=\"column\" data-e-type=\"column\">\n\t\t\t<div class=\"elementor-widget-wrap elementor-element-populated\">\n\t\t\t\t\t\t<div class=\"elementor-element elementor-element-7152867 elementor-cta--skin-classic elementor-animated-content elementor-bg-transform elementor-bg-transform-zoom-in elementor-widget elementor-widget-call-to-action\" data-id=\"7152867\" data-element_type=\"widget\" data-e-type=\"widget\" data-widget_type=\"call-to-action.default\">\n\t\t\t\t<div class=\"elementor-widget-container\">\n\t\t\t\t\t\t\t<a class=\"elementor-cta\" href=\"https:\/\/www.hardenberg-consulting.com\/\" target=\"_blank\">\n\t\t\t\t\t<div class=\"elementor-cta__bg-wrapper\">\n\t\t\t\t<div class=\"elementor-cta__bg elementor-bg\" style=\"background-image: url(https:\/\/www.deutschkurs-tieraerzte.com\/wp-content\/uploads\/2022\/07\/hardenberg-logo-1024x664.png);\" role=\"img\" aria-label=\"hardenberg-logo\"><\/div>\n\t\t\t\t<div class=\"elementor-cta__bg-overlay\"><\/div>\n\t\t\t<\/div>\n\t\t\t\t\t\t\t<div class=\"elementor-cta__content\">\n\t\t\t\t\n\t\t\t\t\t\t\t\t\t<h3 class=\"elementor-cta__title elementor-cta__content-item elementor-content-item\">\n\t\t\t\t\t\thardenberg-consulting.com\t\t\t\t\t<\/h3>\n\t\t\t\t\n\t\t\t\t\t\t\t\t\t<div class=\"elementor-cta__description elementor-cta__content-item elementor-content-item\">\n\t\t\t\t\t\trecruitment consultancy for veterinary <b>executives<\/b>\t\t\t\t\t<\/div>\n\t\t\t\t\n\t\t\t\t\t\t\t\t\t<div class=\"elementor-cta__button-wrapper elementor-cta__content-item elementor-content-item\">\n\t\t\t\t\t<span class=\"elementor-cta__button elementor-button elementor-size-\">\n\t\t\t\t\t\tHier klicken\t\t\t\t\t<\/span>\n\t\t\t\t\t<\/div>\n\t\t\t\t\t\t\t<\/div>\n\t\t\t\t\t\t<\/a>\n\t\t\t\t\t\t<\/div>\n\t\t\t\t<\/div>\n\t\t\t\t\t<\/div>\n\t\t<\/div>\n\t\t\t\t\t<\/div>\n\t\t<\/section>\n\t\t\t\t<section class=\"elementor-section elementor-top-section elementor-element elementor-element-2098958 elementor-section-boxed elementor-section-height-default elementor-section-height-default\" data-id=\"2098958\" data-element_type=\"section\" data-e-type=\"section\">\n\t\t\t\t\t\t<div class=\"elementor-container elementor-column-gap-default\">\n\t\t\t\t\t<div class=\"elementor-column elementor-col-50 elementor-top-column elementor-element elementor-element-62e101f\" data-id=\"62e101f\" data-element_type=\"column\" data-e-type=\"column\">\n\t\t\t<div class=\"elementor-widget-wrap elementor-element-populated\">\n\t\t\t\t\t\t<div class=\"elementor-element elementor-element-68e85cf elementor-cta--skin-classic elementor-animated-content elementor-bg-transform elementor-bg-transform-zoom-in elementor-widget elementor-widget-call-to-action\" data-id=\"68e85cf\" data-element_type=\"widget\" data-e-type=\"widget\" data-widget_type=\"call-to-action.default\">\n\t\t\t\t<div class=\"elementor-widget-container\">\n\t\t\t\t\t\t\t<a class=\"elementor-cta\" href=\"https:\/\/www.myvetlearn.de\/\" target=\"_blank\">\n\t\t\t\t\t<div class=\"elementor-cta__bg-wrapper\">\n\t\t\t\t<div class=\"elementor-cta__bg elementor-bg\" style=\"background-image: url(https:\/\/www.deutschkurs-tieraerzte.com\/wp-content\/uploads\/2022\/07\/logo-myvetlearn-300x195.png);\" role=\"img\" aria-label=\"logo-myvetlearn\"><\/div>\n\t\t\t\t<div class=\"elementor-cta__bg-overlay\"><\/div>\n\t\t\t<\/div>\n\t\t\t\t\t\t\t<div class=\"elementor-cta__content\">\n\t\t\t\t\n\t\t\t\t\t\t\t\t\t<h3 class=\"elementor-cta__title elementor-cta__content-item elementor-content-item\">\n\t\t\t\t\t\tmyvetlearn.de\t\t\t\t\t<\/h3>\n\t\t\t\t\n\t\t\t\t\t\t\t\t\t<div class=\"elementor-cta__description elementor-cta__content-item elementor-content-item\">\n\t\t\t\t\t\t<b>Online courses<\/b> for veterinarians\t\t\t\t\t<\/div>\n\t\t\t\t\n\t\t\t\t\t\t\t\t\t<div class=\"elementor-cta__button-wrapper elementor-cta__content-item elementor-content-item\">\n\t\t\t\t\t<span class=\"elementor-cta__button elementor-button elementor-size-\">\n\t\t\t\t\t\tHier klicken\t\t\t\t\t<\/span>\n\t\t\t\t\t<\/div>\n\t\t\t\t\t\t\t<\/div>\n\t\t\t\t\t\t<\/a>\n\t\t\t\t\t\t<\/div>\n\t\t\t\t<\/div>\n\t\t\t\t\t<\/div>\n\t\t<\/div>\n\t\t\t\t<div class=\"elementor-column elementor-col-50 elementor-top-column elementor-element elementor-element-d19980a\" data-id=\"d19980a\" data-element_type=\"column\" data-e-type=\"column\">\n\t\t\t<div class=\"elementor-widget-wrap\">\n\t\t\t\t\t\t\t<\/div>\n\t\t<\/div>\n\t\t\t\t\t<\/div>\n\t\t<\/section>\n\t\t\t\t<\/div>","protected":false},"excerpt":{"rendered":"<p>Unsere Kooperationspartner Hier finden Sie weitere hilfreiche Websiten auf Ihrem Weg zum Tierarzt-Job in Deutschland. support4vetmed.de Unterst\u00fctzung f\u00fcr die Anerkennung Ihrer Approbation in Deutschland: E-Learning-Kurse zur Vorbereitung auf die Kenntnispr\u00fcfungen als Tier\u00e4rztin und Tierarzt Hier klicken vetjobs24.com Jobportal f\u00fcr Tier\u00e4rzte und Tier\u00e4rztinnen Hier klicken hardenberg-consulting.com Vermittlungsagentur f\u00fcr tiermedizinische F\u00fchrungskr\u00e4fte Hier klicken myvetlearn.de Online-Fortbildung f\u00fcr Tier\u00e4rzte [&hellip;]<\/p>\n","protected":false},"author":2,"featured_media":2711,"parent":0,"menu_order":0,"comment_status":"closed","ping_status":"closed","template":"","meta":{"site-sidebar-layout":"no-sidebar","site-content-layout":"page-builder","ast-site-content-layout":"default","site-content-style":"default","site-sidebar-style":"default","ast-global-header-display":"","ast-banner-title-visibility":"","ast-main-header-display":"","ast-hfb-above-header-display":"","ast-hfb-below-header-display":"","ast-hfb-mobile-header-display":"","site-post-title":"disabled","ast-breadcrumbs-content":"","ast-featured-img":"disabled","footer-sml-layout":"","ast-disable-related-posts":"","theme-transparent-header-meta":"","adv-header-id-meta":"","stick-header-meta":"","header-above-stick-meta":"","header-main-stick-meta":"","header-below-stick-meta":"","astra-migrate-meta-layouts":"default","ast-page-background-enabled":"default","ast-page-background-meta":{"desktop":{"background-color":"","background-image":"","background-repeat":"repeat","background-position":"center center","background-size":"auto","background-attachment":"scroll","background-type":"","background-media":"","overlay-type":"","overlay-color":"","overlay-opacity":"","overlay-gradient":""},"tablet":{"background-color":"","background-image":"","background-repeat":"repeat","background-position":"center center","background-size":"auto","background-attachment":"scroll","background-type":"","background-media":"","overlay-type":"","overlay-color":"","overlay-opacity":"","overlay-gradient":""},"mobile":{"background-color":"","background-image":"","background-repeat":"repeat","background-position":"center center","background-size":"auto","background-attachment":"scroll","background-type":"","background-media":"","overlay-type":"","overlay-color":"","overlay-opacity":"","overlay-gradient":""}},"ast-content-background-meta":{"desktop":{"background-color":"var(--ast-global-color-5)","background-image":"","background-repeat":"repeat","background-position":"center center","background-size":"auto","background-attachment":"scroll","background-type":"","background-media":"","overlay-type":"","overlay-color":"","overlay-opacity":"","overlay-gradient":""},"tablet":{"background-color":"var(--ast-global-color-5)","background-image":"","background-repeat":"repeat","background-position":"center center","background-size":"auto","background-attachment":"scroll","background-type":"","background-media":"","overlay-type":"","overlay-color":"","overlay-opacity":"","overlay-gradient":""},"mobile":{"background-color":"var(--ast-global-color-5)","background-image":"","background-repeat":"repeat","background-position":"center center","background-size":"auto","background-attachment":"scroll","background-type":"","background-media":"","overlay-type":"","overlay-color":"","overlay-opacity":"","overlay-gradient":""}},"_glsr_average":0,"_glsr_ranking":0,"_glsr_reviews":0,"footnotes":""},"class_list":["post-2659","page","type-page","status-publish","has-post-thumbnail","hentry"],"yoast_head":"<!-- This site is optimized with the Yoast SEO plugin v27.6 - https:\/\/yoast.com\/product\/yoast-seo-wordpress\/ -->\n<title>Kooperationen | deutschkurs-tieraerzte.com<\/title>\n<meta name=\"description\" content=\"Support4vetmed, vetjobs24 und viele weitere unterst\u00fctzen den Online-Sprachkurs &quot;Deutschkurs f\u00fcr Tier\u00e4rzte&quot; und Sie auf dem Weg zum neuen Job.\" \/>\n<meta name=\"robots\" content=\"index, follow, max-snippet:-1, max-image-preview:large, max-video-preview:-1\" \/>\n<link rel=\"canonical\" href=\"https:\/\/www.deutschkurs-tieraerzte.com\/en\/kooperationen\/\" \/>\n<meta property=\"og:locale\" content=\"en_US\" \/>\n<meta property=\"og:type\" content=\"article\" \/>\n<meta property=\"og:title\" content=\"Kooperationen | deutschkurs-tieraerzte.com\" \/>\n<meta property=\"og:description\" content=\"Support4vetmed, vetjobs24 und viele weitere unterst\u00fctzen den Online-Sprachkurs &quot;Deutschkurs f\u00fcr Tier\u00e4rzte&quot; und Sie auf dem Weg zum neuen Job.\" \/>\n<meta property=\"og:url\" content=\"https:\/\/www.deutschkurs-tieraerzte.com\/en\/kooperationen\/\" \/>\n<meta property=\"og:site_name\" content=\"deutschkurs-tieraerzte.com\" \/>\n<meta property=\"article:modified_time\" content=\"2022-08-22T11:30:55+00:00\" \/>\n<meta property=\"og:image\" content=\"https:\/\/www.deutschkurs-tieraerzte.com\/wp-content\/uploads\/2022\/06\/logo_final_sprechblasen_quadrat.png\" \/>\n\t<meta property=\"og:image:width\" content=\"995\" \/>\n\t<meta property=\"og:image:height\" content=\"995\" \/>\n\t<meta property=\"og:image:type\" content=\"image\/png\" \/>\n<meta name=\"twitter:card\" content=\"summary_large_image\" \/>\n<meta name=\"twitter:label1\" content=\"Est. reading time\" \/>\n\t<meta name=\"twitter:data1\" content=\"1 minute\" \/>\n<script type=\"application\/ld+json\" class=\"yoast-schema-graph\">{\"@context\":\"https:\\\/\\\/schema.org\",\"@graph\":[{\"@type\":\"WebPage\",\"@id\":\"https:\\\/\\\/www.deutschkurs-tieraerzte.com\\\/kooperationen\\\/\",\"url\":\"https:\\\/\\\/www.deutschkurs-tieraerzte.com\\\/kooperationen\\\/\",\"name\":\"Kooperationen | deutschkurs-tieraerzte.com\",\"isPartOf\":{\"@id\":\"https:\\\/\\\/www.deutschkurs-tieraerzte.com\\\/#website\"},\"primaryImageOfPage\":{\"@id\":\"https:\\\/\\\/www.deutschkurs-tieraerzte.com\\\/kooperationen\\\/#primaryimage\"},\"image\":{\"@id\":\"https:\\\/\\\/www.deutschkurs-tieraerzte.com\\\/kooperationen\\\/#primaryimage\"},\"thumbnailUrl\":\"https:\\\/\\\/www.deutschkurs-tieraerzte.com\\\/wp-content\\\/uploads\\\/2022\\\/06\\\/logo_final_sprechblasen_quadrat.png\",\"datePublished\":\"2022-06-17T15:57:26+00:00\",\"dateModified\":\"2022-08-22T11:30:55+00:00\",\"description\":\"Support4vetmed, vetjobs24 und viele weitere unterst\u00fctzen den Online-Sprachkurs \\\"Deutschkurs f\u00fcr Tier\u00e4rzte\\\" und Sie auf dem Weg zum neuen Job.\",\"breadcrumb\":{\"@id\":\"https:\\\/\\\/www.deutschkurs-tieraerzte.com\\\/kooperationen\\\/#breadcrumb\"},\"inLanguage\":\"en-US\",\"potentialAction\":[{\"@type\":\"ReadAction\",\"target\":[\"https:\\\/\\\/www.deutschkurs-tieraerzte.com\\\/kooperationen\\\/\"]}]},{\"@type\":\"ImageObject\",\"inLanguage\":\"en-US\",\"@id\":\"https:\\\/\\\/www.deutschkurs-tieraerzte.com\\\/kooperationen\\\/#primaryimage\",\"url\":\"https:\\\/\\\/www.deutschkurs-tieraerzte.com\\\/wp-content\\\/uploads\\\/2022\\\/06\\\/logo_final_sprechblasen_quadrat.png\",\"contentUrl\":\"https:\\\/\\\/www.deutschkurs-tieraerzte.com\\\/wp-content\\\/uploads\\\/2022\\\/06\\\/logo_final_sprechblasen_quadrat.png\",\"width\":995,\"height\":995},{\"@type\":\"BreadcrumbList\",\"@id\":\"https:\\\/\\\/www.deutschkurs-tieraerzte.com\\\/kooperationen\\\/#breadcrumb\",\"itemListElement\":[{\"@type\":\"ListItem\",\"position\":1,\"name\":\"Startseite\",\"item\":\"https:\\\/\\\/www.deutschkurs-tieraerzte.com\\\/\"},{\"@type\":\"ListItem\",\"position\":2,\"name\":\"Kooperationen\"}]},{\"@type\":\"WebSite\",\"@id\":\"https:\\\/\\\/www.deutschkurs-tieraerzte.com\\\/#website\",\"url\":\"https:\\\/\\\/www.deutschkurs-tieraerzte.com\\\/\",\"name\":\"deutschkurs-tieraerzte.com\",\"description\":\"Deutschkurs f\u00fcr Tier\u00e4rzte online\",\"publisher\":{\"@id\":\"https:\\\/\\\/www.deutschkurs-tieraerzte.com\\\/#organization\"},\"potentialAction\":[{\"@type\":\"SearchAction\",\"target\":{\"@type\":\"EntryPoint\",\"urlTemplate\":\"https:\\\/\\\/www.deutschkurs-tieraerzte.com\\\/?s={search_term_string}\"},\"query-input\":{\"@type\":\"PropertyValueSpecification\",\"valueRequired\":true,\"valueName\":\"search_term_string\"}}],\"inLanguage\":\"en-US\"},{\"@type\":\"Organization\",\"@id\":\"https:\\\/\\\/www.deutschkurs-tieraerzte.com\\\/#organization\",\"name\":\"Deutschkurs f\u00fcr Tier\u00e4rzte\",\"url\":\"https:\\\/\\\/www.deutschkurs-tieraerzte.com\\\/\",\"logo\":{\"@type\":\"ImageObject\",\"inLanguage\":\"en-US\",\"@id\":\"https:\\\/\\\/www.deutschkurs-tieraerzte.com\\\/#\\\/schema\\\/logo\\\/image\\\/\",\"url\":\"https:\\\/\\\/deutschkurs-tieraerzte.com\\\/wp-content\\\/uploads\\\/2022\\\/06\\\/Logo_final_text.png\",\"contentUrl\":\"https:\\\/\\\/deutschkurs-tieraerzte.com\\\/wp-content\\\/uploads\\\/2022\\\/06\\\/Logo_final_text.png\",\"width\":2342,\"height\":648,\"caption\":\"Deutschkurs f\u00fcr Tier\u00e4rzte\"},\"image\":{\"@id\":\"https:\\\/\\\/www.deutschkurs-tieraerzte.com\\\/#\\\/schema\\\/logo\\\/image\\\/\"}}]}<\/script>\n<!-- \/ Yoast SEO plugin. -->","yoast_head_json":{"title":"Kooperationen | deutschkurs-tieraerzte.com","description":"Support4vetmed, vetjobs24 und viele weitere unterst\u00fctzen den Online-Sprachkurs \"Deutschkurs f\u00fcr Tier\u00e4rzte\" und Sie auf dem Weg zum neuen Job.","robots":{"index":"index","follow":"follow","max-snippet":"max-snippet:-1","max-image-preview":"max-image-preview:large","max-video-preview":"max-video-preview:-1"},"canonical":"https:\/\/www.deutschkurs-tieraerzte.com\/en\/kooperationen\/","og_locale":"en_US","og_type":"article","og_title":"Kooperationen | deutschkurs-tieraerzte.com","og_description":"Support4vetmed, vetjobs24 und viele weitere unterst\u00fctzen den Online-Sprachkurs \"Deutschkurs f\u00fcr Tier\u00e4rzte\" und Sie auf dem Weg zum neuen Job.","og_url":"https:\/\/www.deutschkurs-tieraerzte.com\/en\/kooperationen\/","og_site_name":"deutschkurs-tieraerzte.com","article_modified_time":"2022-08-22T11:30:55+00:00","og_image":[{"width":995,"height":995,"url":"https:\/\/www.deutschkurs-tieraerzte.com\/wp-content\/uploads\/2022\/06\/logo_final_sprechblasen_quadrat.png","type":"image\/png"}],"twitter_card":"summary_large_image","twitter_misc":{"Est. reading time":"1 minute"},"schema":{"@context":"https:\/\/schema.org","@graph":[{"@type":"WebPage","@id":"https:\/\/www.deutschkurs-tieraerzte.com\/kooperationen\/","url":"https:\/\/www.deutschkurs-tieraerzte.com\/kooperationen\/","name":"Kooperationen | deutschkurs-tieraerzte.com","isPartOf":{"@id":"https:\/\/www.deutschkurs-tieraerzte.com\/#website"},"primaryImageOfPage":{"@id":"https:\/\/www.deutschkurs-tieraerzte.com\/kooperationen\/#primaryimage"},"image":{"@id":"https:\/\/www.deutschkurs-tieraerzte.com\/kooperationen\/#primaryimage"},"thumbnailUrl":"https:\/\/www.deutschkurs-tieraerzte.com\/wp-content\/uploads\/2022\/06\/logo_final_sprechblasen_quadrat.png","datePublished":"2022-06-17T15:57:26+00:00","dateModified":"2022-08-22T11:30:55+00:00","description":"Support4vetmed, vetjobs24 und viele weitere unterst\u00fctzen den Online-Sprachkurs \"Deutschkurs f\u00fcr Tier\u00e4rzte\" und Sie auf dem Weg zum neuen Job.","breadcrumb":{"@id":"https:\/\/www.deutschkurs-tieraerzte.com\/kooperationen\/#breadcrumb"},"inLanguage":"en-US","potentialAction":[{"@type":"ReadAction","target":["https:\/\/www.deutschkurs-tieraerzte.com\/kooperationen\/"]}]},{"@type":"ImageObject","inLanguage":"en-US","@id":"https:\/\/www.deutschkurs-tieraerzte.com\/kooperationen\/#primaryimage","url":"https:\/\/www.deutschkurs-tieraerzte.com\/wp-content\/uploads\/2022\/06\/logo_final_sprechblasen_quadrat.png","contentUrl":"https:\/\/www.deutschkurs-tieraerzte.com\/wp-content\/uploads\/2022\/06\/logo_final_sprechblasen_quadrat.png","width":995,"height":995},{"@type":"BreadcrumbList","@id":"https:\/\/www.deutschkurs-tieraerzte.com\/kooperationen\/#breadcrumb","itemListElement":[{"@type":"ListItem","position":1,"name":"Startseite","item":"https:\/\/www.deutschkurs-tieraerzte.com\/"},{"@type":"ListItem","position":2,"name":"Kooperationen"}]},{"@type":"WebSite","@id":"https:\/\/www.deutschkurs-tieraerzte.com\/#website","url":"https:\/\/www.deutschkurs-tieraerzte.com\/","name":"deutschkurs-tieraerzte.com","description":"Deutschkurs f\u00fcr Tier\u00e4rzte online","publisher":{"@id":"https:\/\/www.deutschkurs-tieraerzte.com\/#organization"},"potentialAction":[{"@type":"SearchAction","target":{"@type":"EntryPoint","urlTemplate":"https:\/\/www.deutschkurs-tieraerzte.com\/?s={search_term_string}"},"query-input":{"@type":"PropertyValueSpecification","valueRequired":true,"valueName":"search_term_string"}}],"inLanguage":"en-US"},{"@type":"Organization","@id":"https:\/\/www.deutschkurs-tieraerzte.com\/#organization","name":"Deutschkurs f\u00fcr Tier\u00e4rzte","url":"https:\/\/www.deutschkurs-tieraerzte.com\/","logo":{"@type":"ImageObject","inLanguage":"en-US","@id":"https:\/\/www.deutschkurs-tieraerzte.com\/#\/schema\/logo\/image\/","url":"https:\/\/deutschkurs-tieraerzte.com\/wp-content\/uploads\/2022\/06\/Logo_final_text.png","contentUrl":"https:\/\/deutschkurs-tieraerzte.com\/wp-content\/uploads\/2022\/06\/Logo_final_text.png","width":2342,"height":648,"caption":"Deutschkurs f\u00fcr Tier\u00e4rzte"},"image":{"@id":"https:\/\/www.deutschkurs-tieraerzte.com\/#\/schema\/logo\/image\/"}}]}},"publishpress_future_action":{"enabled":false,"date":"2026-05-20 14:54:20","action":"change-status","newStatus":"draft","terms":[],"taxonomy":"","extraData":[]},"publishpress_future_workflow_manual_trigger":{"enabledWorkflows":[]},"_links":{"self":[{"href":"https:\/\/www.deutschkurs-tieraerzte.com\/en\/wp-json\/wp\/v2\/pages\/2659","targetHints":{"allow":["GET"]}}],"collection":[{"href":"https:\/\/www.deutschkurs-tieraerzte.com\/en\/wp-json\/wp\/v2\/pages"}],"about":[{"href":"https:\/\/www.deutschkurs-tieraerzte.com\/en\/wp-json\/wp\/v2\/types\/page"}],"author":[{"embeddable":true,"href":"https:\/\/www.deutschkurs-tieraerzte.com\/en\/wp-json\/wp\/v2\/users\/2"}],"replies":[{"embeddable":true,"href":"https:\/\/www.deutschkurs-tieraerzte.com\/en\/wp-json\/wp\/v2\/comments?post=2659"}],"version-history":[{"count":0,"href":"https:\/\/www.deutschkurs-tieraerzte.com\/en\/wp-json\/wp\/v2\/pages\/2659\/revisions"}],"wp:featuredmedia":[{"embeddable":true,"href":"https:\/\/www.deutschkurs-tieraerzte.com\/en\/wp-json\/wp\/v2\/media\/2711"}],"wp:attachment":[{"href":"https:\/\/www.deutschkurs-tieraerzte.com\/en\/wp-json\/wp\/v2\/media?parent=2659"}],"curies":[{"name":"wp","href":"https:\/\/api.w.org\/{rel}","templated":true}]}}