{"id":2768,"date":"2022-06-19T17:22:04","date_gmt":"2022-06-19T15:22:04","guid":{"rendered":"https:\/\/deutschkurs-tieraerzte.com\/?page_id=2768"},"modified":"2026-03-26T14:44:53","modified_gmt":"2026-03-26T13:44:53","slug":"impressum","status":"publish","type":"page","link":"https:\/\/www.deutschkurs-tieraerzte.com\/en\/impressum\/","title":{"rendered":"Legal Notice"},"content":{"rendered":"<div data-elementor-type=\"wp-page\" data-elementor-id=\"2768\" class=\"elementor elementor-2768\" data-elementor-post-type=\"page\">\n\t\t\t\t\t\t<section class=\"elementor-section elementor-top-section elementor-element elementor-element-1fcb4a3 elementor-section-boxed elementor-section-height-default elementor-section-height-default\" data-id=\"1fcb4a3\" data-element_type=\"section\" data-e-type=\"section\">\n\t\t\t\t\t\t<div class=\"elementor-container elementor-column-gap-default\">\n\t\t\t\t\t<div class=\"elementor-column elementor-col-100 elementor-top-column elementor-element elementor-element-53ecc02\" data-id=\"53ecc02\" data-element_type=\"column\" data-e-type=\"column\">\n\t\t\t<div class=\"elementor-widget-wrap elementor-element-populated\">\n\t\t\t\t\t\t<div class=\"elementor-element elementor-element-e7a8e95 elementor-widget elementor-widget-heading\" data-id=\"e7a8e95\" data-element_type=\"widget\" data-e-type=\"widget\" data-widget_type=\"heading.default\">\n\t\t\t\t<div class=\"elementor-widget-container\">\n\t\t\t\t\t<h2 class=\"elementor-heading-title elementor-size-default\">Legal Notice<\/h2>\t\t\t\t<\/div>\n\t\t\t\t<\/div>\n\t\t\t\t\t<\/div>\n\t\t<\/div>\n\t\t\t\t\t<\/div>\n\t\t<\/section>\n\t\t\t\t<section class=\"elementor-section elementor-top-section elementor-element elementor-element-0ea4483 elementor-section-boxed elementor-section-height-default elementor-section-height-default\" data-id=\"0ea4483\" data-element_type=\"section\" data-e-type=\"section\">\n\t\t\t\t\t\t<div class=\"elementor-container elementor-column-gap-default\">\n\t\t\t\t\t<div class=\"elementor-column elementor-col-100 elementor-top-column elementor-element elementor-element-044bc3d\" data-id=\"044bc3d\" data-element_type=\"column\" data-e-type=\"column\">\n\t\t\t<div class=\"elementor-widget-wrap elementor-element-populated\">\n\t\t\t\t\t\t<div class=\"elementor-element elementor-element-66ac28d elementor-widget elementor-widget-text-editor\" data-id=\"66ac28d\" data-element_type=\"widget\" data-e-type=\"widget\" data-widget_type=\"text-editor.default\">\n\t\t\t\t<div class=\"elementor-widget-container\">\n\t\t\t\t\t\t\t\t\t<p><strong>Deutschkurs f\u00fcr Tier\u00e4rzte<\/strong>\u00a0(www.deutschkurs-tieraerzte.com) ist eine Website der<\/p><p><strong>Vetion.de GmbH<\/strong><br \/>August-Bebel-Str. 27<br \/>14482 Potsdam<\/p><p>Tel: +49+(0)30 \/ 863 956 71<br \/>Fax: +49+(0)30 \/ 863 956 72<br \/>Email:\u00a0<a style=\"font-size: 1rem;\" href=\"mailto:kontakt@deutschkurs-tieraerzte.com\" target=\"_blank\" rel=\"noopener\">kontakt@deutschkurs-tieraerzte.com<\/a><\/p><p>Gesch\u00e4ftsf\u00fchrung:<br \/>Dr. Julia Henning<br \/>Dr. Jens Kluth<\/p><p>Registergericht: Amtsgericht Berlin-Charlottenburg<br \/>Registernummer: HRB 111297 B<br \/>Steuernummer: 27\/570\/31864<br \/>Umsatzsteuer-ID: DE257795292<\/p>\t\t\t\t\t\t\t\t<\/div>\n\t\t\t\t<\/div>\n\t\t\t\t\t<\/div>\n\t\t<\/div>\n\t\t\t\t\t<\/div>\n\t\t<\/section>\n\t\t\t\t<\/div>","protected":false},"excerpt":{"rendered":"<p>Impressum Deutschkurs f\u00fcr Tier\u00e4rzte\u00a0(www.deutschkurs-tieraerzte.com) ist eine Website der Vetion.de GmbHAugust-Bebel-Str. 2714482 Potsdam Tel: +49+(0)30 \/ 863 956 71Fax: +49+(0)30 \/ 863 956 72Email:\u00a0kontakt@deutschkurs-tieraerzte.com Gesch\u00e4ftsf\u00fchrung:Dr. Julia HenningDr. Jens Kluth Registergericht: Amtsgericht Berlin-CharlottenburgRegisternummer: HRB 111297 BSteuernummer: 27\/570\/31864Umsatzsteuer-ID: DE257795292<\/p>","protected":false},"author":2,"featured_media":0,"parent":0,"menu_order":0,"comment_status":"closed","ping_status":"closed","template":"","meta":{"site-sidebar-layout":"no-sidebar","site-content-layout":"page-builder","ast-site-content-layout":"default","site-content-style":"default","site-sidebar-style":"default","ast-global-header-display":"","ast-banner-title-visibility":"","ast-main-header-display":"","ast-hfb-above-header-display":"","ast-hfb-below-header-display":"","ast-hfb-mobile-header-display":"","site-post-title":"disabled","ast-breadcrumbs-content":"","ast-featured-img":"disabled","footer-sml-layout":"","ast-disable-related-posts":"","theme-transparent-header-meta":"","adv-header-id-meta":"","stick-header-meta":"","header-above-stick-meta":"","header-main-stick-meta":"","header-below-stick-meta":"","astra-migrate-meta-layouts":"default","ast-page-background-enabled":"default","ast-page-background-meta":{"desktop":{"background-color":"","background-image":"","background-repeat":"repeat","background-position":"center center","background-size":"auto","background-attachment":"scroll","background-type":"","background-media":"","overlay-type":"","overlay-color":"","overlay-opacity":"","overlay-gradient":""},"tablet":{"background-color":"","background-image":"","background-repeat":"repeat","background-position":"center center","background-size":"auto","background-attachment":"scroll","background-type":"","background-media":"","overlay-type":"","overlay-color":"","overlay-opacity":"","overlay-gradient":""},"mobile":{"background-color":"","background-image":"","background-repeat":"repeat","background-position":"center center","background-size":"auto","background-attachment":"scroll","background-type":"","background-media":"","overlay-type":"","overlay-color":"","overlay-opacity":"","overlay-gradient":""}},"ast-content-background-meta":{"desktop":{"background-color":"var(--ast-global-color-5)","background-image":"","background-repeat":"repeat","background-position":"center center","background-size":"auto","background-attachment":"scroll","background-type":"","background-media":"","overlay-type":"","overlay-color":"","overlay-opacity":"","overlay-gradient":""},"tablet":{"background-color":"var(--ast-global-color-5)","background-image":"","background-repeat":"repeat","background-position":"center center","background-size":"auto","background-attachment":"scroll","background-type":"","background-media":"","overlay-type":"","overlay-color":"","overlay-opacity":"","overlay-gradient":""},"mobile":{"background-color":"var(--ast-global-color-5)","background-image":"","background-repeat":"repeat","background-position":"center center","background-size":"auto","background-attachment":"scroll","background-type":"","background-media":"","overlay-type":"","overlay-color":"","overlay-opacity":"","overlay-gradient":""}},"_glsr_average":0,"_glsr_ranking":0,"_glsr_reviews":0,"footnotes":""},"class_list":["post-2768","page","type-page","status-publish","hentry"],"yoast_head":"<!-- This site is optimized with the Yoast SEO plugin v27.2 - https:\/\/yoast.com\/product\/yoast-seo-wordpress\/ -->\n<title>Impressum | deutschkurs-tieraerzte.com<\/title>\n<meta name=\"description\" content=\"Auf dieser Seite finden Sie das Impressum und Kontaktm\u00f6glichkeiten zu dem Online-Sprachkurs &quot;Deutschkurs f\u00fcr Tier\u00e4rzte&quot;.\" \/>\n<meta name=\"robots\" content=\"index, follow, max-snippet:-1, max-image-preview:large, max-video-preview:-1\" \/>\n<link rel=\"canonical\" href=\"https:\/\/www.deutschkurs-tieraerzte.com\/en\/impressum\/\" \/>\n<meta property=\"og:locale\" content=\"en_US\" \/>\n<meta property=\"og:type\" content=\"article\" \/>\n<meta property=\"og:title\" content=\"Impressum | deutschkurs-tieraerzte.com\" \/>\n<meta property=\"og:description\" content=\"Auf dieser Seite finden Sie das Impressum und Kontaktm\u00f6glichkeiten zu dem Online-Sprachkurs &quot;Deutschkurs f\u00fcr Tier\u00e4rzte&quot;.\" \/>\n<meta property=\"og:url\" content=\"https:\/\/www.deutschkurs-tieraerzte.com\/en\/impressum\/\" \/>\n<meta property=\"og:site_name\" content=\"deutschkurs-tieraerzte.com\" \/>\n<meta property=\"article:modified_time\" content=\"2026-03-26T13:44:53+00:00\" \/>\n<meta name=\"twitter:card\" content=\"summary_large_image\" \/>\n<meta name=\"twitter:label1\" content=\"Est. reading time\" \/>\n\t<meta name=\"twitter:data1\" content=\"1 minute\" \/>\n<script type=\"application\/ld+json\" class=\"yoast-schema-graph\">{\"@context\":\"https:\/\/schema.org\",\"@graph\":[{\"@type\":\"WebPage\",\"@id\":\"https:\/\/www.deutschkurs-tieraerzte.com\/impressum\/\",\"url\":\"https:\/\/www.deutschkurs-tieraerzte.com\/impressum\/\",\"name\":\"Impressum | deutschkurs-tieraerzte.com\",\"isPartOf\":{\"@id\":\"https:\/\/www.deutschkurs-tieraerzte.com\/#website\"},\"datePublished\":\"2022-06-19T15:22:04+00:00\",\"dateModified\":\"2026-03-26T13:44:53+00:00\",\"description\":\"Auf dieser Seite finden Sie das Impressum und Kontaktm\u00f6glichkeiten zu dem Online-Sprachkurs \\\"Deutschkurs f\u00fcr Tier\u00e4rzte\\\".\",\"breadcrumb\":{\"@id\":\"https:\/\/www.deutschkurs-tieraerzte.com\/impressum\/#breadcrumb\"},\"inLanguage\":\"en-US\",\"potentialAction\":[{\"@type\":\"ReadAction\",\"target\":[\"https:\/\/www.deutschkurs-tieraerzte.com\/impressum\/\"]}]},{\"@type\":\"BreadcrumbList\",\"@id\":\"https:\/\/www.deutschkurs-tieraerzte.com\/impressum\/#breadcrumb\",\"itemListElement\":[{\"@type\":\"ListItem\",\"position\":1,\"name\":\"Startseite\",\"item\":\"https:\/\/www.deutschkurs-tieraerzte.com\/\"},{\"@type\":\"ListItem\",\"position\":2,\"name\":\"Impressum\"}]},{\"@type\":\"WebSite\",\"@id\":\"https:\/\/www.deutschkurs-tieraerzte.com\/#website\",\"url\":\"https:\/\/www.deutschkurs-tieraerzte.com\/\",\"name\":\"deutschkurs-tieraerzte.com\",\"description\":\"Deutschkurs f\u00fcr Tier\u00e4rzte online\",\"publisher\":{\"@id\":\"https:\/\/www.deutschkurs-tieraerzte.com\/#organization\"},\"potentialAction\":[{\"@type\":\"SearchAction\",\"target\":{\"@type\":\"EntryPoint\",\"urlTemplate\":\"https:\/\/www.deutschkurs-tieraerzte.com\/?s={search_term_string}\"},\"query-input\":{\"@type\":\"PropertyValueSpecification\",\"valueRequired\":true,\"valueName\":\"search_term_string\"}}],\"inLanguage\":\"en-US\"},{\"@type\":\"Organization\",\"@id\":\"https:\/\/www.deutschkurs-tieraerzte.com\/#organization\",\"name\":\"Deutschkurs f\u00fcr Tier\u00e4rzte\",\"url\":\"https:\/\/www.deutschkurs-tieraerzte.com\/\",\"logo\":{\"@type\":\"ImageObject\",\"inLanguage\":\"en-US\",\"@id\":\"https:\/\/www.deutschkurs-tieraerzte.com\/#\/schema\/logo\/image\/\",\"url\":\"https:\/\/deutschkurs-tieraerzte.com\/wp-content\/uploads\/2022\/06\/Logo_final_text.png\",\"contentUrl\":\"https:\/\/deutschkurs-tieraerzte.com\/wp-content\/uploads\/2022\/06\/Logo_final_text.png\",\"width\":2342,\"height\":648,\"caption\":\"Deutschkurs f\u00fcr Tier\u00e4rzte\"},\"image\":{\"@id\":\"https:\/\/www.deutschkurs-tieraerzte.com\/#\/schema\/logo\/image\/\"}}]}<\/script>\n<!-- \/ Yoast SEO plugin. -->","yoast_head_json":{"title":"Impressum | deutschkurs-tieraerzte.com","description":"Auf dieser Seite finden Sie das Impressum und Kontaktm\u00f6glichkeiten zu dem Online-Sprachkurs \"Deutschkurs f\u00fcr Tier\u00e4rzte\".","robots":{"index":"index","follow":"follow","max-snippet":"max-snippet:-1","max-image-preview":"max-image-preview:large","max-video-preview":"max-video-preview:-1"},"canonical":"https:\/\/www.deutschkurs-tieraerzte.com\/en\/impressum\/","og_locale":"en_US","og_type":"article","og_title":"Impressum | deutschkurs-tieraerzte.com","og_description":"Auf dieser Seite finden Sie das Impressum und Kontaktm\u00f6glichkeiten zu dem Online-Sprachkurs \"Deutschkurs f\u00fcr Tier\u00e4rzte\".","og_url":"https:\/\/www.deutschkurs-tieraerzte.com\/en\/impressum\/","og_site_name":"deutschkurs-tieraerzte.com","article_modified_time":"2026-03-26T13:44:53+00:00","twitter_card":"summary_large_image","twitter_misc":{"Est. reading time":"1 minute"},"schema":{"@context":"https:\/\/schema.org","@graph":[{"@type":"WebPage","@id":"https:\/\/www.deutschkurs-tieraerzte.com\/impressum\/","url":"https:\/\/www.deutschkurs-tieraerzte.com\/impressum\/","name":"Impressum | deutschkurs-tieraerzte.com","isPartOf":{"@id":"https:\/\/www.deutschkurs-tieraerzte.com\/#website"},"datePublished":"2022-06-19T15:22:04+00:00","dateModified":"2026-03-26T13:44:53+00:00","description":"Auf dieser Seite finden Sie das Impressum und Kontaktm\u00f6glichkeiten zu dem Online-Sprachkurs \"Deutschkurs f\u00fcr Tier\u00e4rzte\".","breadcrumb":{"@id":"https:\/\/www.deutschkurs-tieraerzte.com\/impressum\/#breadcrumb"},"inLanguage":"en-US","potentialAction":[{"@type":"ReadAction","target":["https:\/\/www.deutschkurs-tieraerzte.com\/impressum\/"]}]},{"@type":"BreadcrumbList","@id":"https:\/\/www.deutschkurs-tieraerzte.com\/impressum\/#breadcrumb","itemListElement":[{"@type":"ListItem","position":1,"name":"Startseite","item":"https:\/\/www.deutschkurs-tieraerzte.com\/"},{"@type":"ListItem","position":2,"name":"Impressum"}]},{"@type":"WebSite","@id":"https:\/\/www.deutschkurs-tieraerzte.com\/#website","url":"https:\/\/www.deutschkurs-tieraerzte.com\/","name":"deutschkurs-tieraerzte.com","description":"Deutschkurs f\u00fcr Tier\u00e4rzte online","publisher":{"@id":"https:\/\/www.deutschkurs-tieraerzte.com\/#organization"},"potentialAction":[{"@type":"SearchAction","target":{"@type":"EntryPoint","urlTemplate":"https:\/\/www.deutschkurs-tieraerzte.com\/?s={search_term_string}"},"query-input":{"@type":"PropertyValueSpecification","valueRequired":true,"valueName":"search_term_string"}}],"inLanguage":"en-US"},{"@type":"Organization","@id":"https:\/\/www.deutschkurs-tieraerzte.com\/#organization","name":"Deutschkurs f\u00fcr Tier\u00e4rzte","url":"https:\/\/www.deutschkurs-tieraerzte.com\/","logo":{"@type":"ImageObject","inLanguage":"en-US","@id":"https:\/\/www.deutschkurs-tieraerzte.com\/#\/schema\/logo\/image\/","url":"https:\/\/deutschkurs-tieraerzte.com\/wp-content\/uploads\/2022\/06\/Logo_final_text.png","contentUrl":"https:\/\/deutschkurs-tieraerzte.com\/wp-content\/uploads\/2022\/06\/Logo_final_text.png","width":2342,"height":648,"caption":"Deutschkurs f\u00fcr Tier\u00e4rzte"},"image":{"@id":"https:\/\/www.deutschkurs-tieraerzte.com\/#\/schema\/logo\/image\/"}}]}},"publishpress_future_action":{"enabled":false,"date":"2026-05-08 11:13:31","action":"change-status","newStatus":"draft","terms":[],"taxonomy":"","extraData":[]},"publishpress_future_workflow_manual_trigger":{"enabledWorkflows":[]},"_links":{"self":[{"href":"https:\/\/www.deutschkurs-tieraerzte.com\/en\/wp-json\/wp\/v2\/pages\/2768","targetHints":{"allow":["GET"]}}],"collection":[{"href":"https:\/\/www.deutschkurs-tieraerzte.com\/en\/wp-json\/wp\/v2\/pages"}],"about":[{"href":"https:\/\/www.deutschkurs-tieraerzte.com\/en\/wp-json\/wp\/v2\/types\/page"}],"author":[{"embeddable":true,"href":"https:\/\/www.deutschkurs-tieraerzte.com\/en\/wp-json\/wp\/v2\/users\/2"}],"replies":[{"embeddable":true,"href":"https:\/\/www.deutschkurs-tieraerzte.com\/en\/wp-json\/wp\/v2\/comments?post=2768"}],"version-history":[{"count":16,"href":"https:\/\/www.deutschkurs-tieraerzte.com\/en\/wp-json\/wp\/v2\/pages\/2768\/revisions"}],"predecessor-version":[{"id":11652,"href":"https:\/\/www.deutschkurs-tieraerzte.com\/en\/wp-json\/wp\/v2\/pages\/2768\/revisions\/11652"}],"wp:attachment":[{"href":"https:\/\/www.deutschkurs-tieraerzte.com\/en\/wp-json\/wp\/v2\/media?parent=2768"}],"curies":[{"name":"wp","href":"https:\/\/api.w.org\/{rel}","templated":true}]}}