{"id":11442,"date":"2025-01-21T12:01:04","date_gmt":"2025-01-21T11:01:04","guid":{"rendered":"https:\/\/www.deutschkurs-tieraerzte.com\/?post_type=product&#038;p=11442"},"modified":"2025-01-21T13:14:28","modified_gmt":"2025-01-21T12:14:28","slug":"vokabelkurs-kleintiere","status":"publish","type":"product","link":"https:\/\/www.deutschkurs-tieraerzte.com\/en\/product\/vokabelkurs-kleintiere\/","title":{"rendered":"Vokabelkurs Kleintiere"},"content":{"rendered":"","protected":false},"excerpt":{"rendered":"<p><!-- wp:paragraph --><\/p>\n<p>Mit dem Angebot des &#8220;Vokabelkurses&#8221; m\u00f6chten wir einer noch gr\u00f6\u00dferen Menge an ausl\u00e4ndischen Tier\u00e4rzten, die in Deutschland arbeiten m\u00f6chten, die tiermedizinische Fachsprache zug\u00e4nglich machen. Wir hoffen, dass dir dadurch der Einstieg in die deutsche <strong>small animal practice<\/strong> .<\/p>\n<p><strong>Please note: The contents of this course represent only a very small part of the contents of the <em><a href=\"https:\/\/www.deutschkurs-tieraerzte.com\/en\/product\/e-learning-kleintiere-ohne-kollegengespraeche\/\" target=\"_blank\" rel=\"noopener\">complete e-learnings<\/a><\/em>.<\/strong><\/p>\n<p><strong>Im Vokabelkurs sind nur enthalten:<\/strong><\/p>\n<ul>\n<li><strong>die Vokabellisten<\/strong><\/li>\n<li><strong>few exercises<\/strong><\/li>\n<\/ul>\n<p><strong>in 36 chapters<\/strong> (Examples: eye examination, X-ray, euthanasia).<\/p>\n<p>Start immediately!<\/p>\n<p>Processing time: 1 year, no automatic renewal<\/p>\n<p>Du kannst auch erst den Vokabelkurs buchen und sp\u00e4ter dein Paket upgraden. (Der bereits bezahlte Betrag von 250\u20ac wird dir dann auf den Preis des E-Learnings\/der anderen Pakete angerechnet.)<\/p>\n<p>More information about the content is available\u00a0<a href=\"https:\/\/www.deutschkurs-tieraerzte.com\/en\/inhalte-und-preise\/\" target=\"_blank\" rel=\"noopener\"><strong>here<\/strong><\/a>.<\/p>\n<hr \/>\n<p><!-- \/wp:paragraph --> <!-- wp:paragraph --><\/p>\n<p><strong>Im vollst\u00e4ndigen E-Learning hingegen <\/strong>sind noch Dialoge (mit Vertonung und oft mit Videos aus der Praxis), Grammatik und Fachwissen-Lektionen sowie zahlreiche \u00dcbungen und Video\u00fcbungen zur Grammatik, Fachwissen, Anwendungsbeispielen (noch viel mehr Beispiels\u00e4tzen) und H\u00f6rverst\u00e4ndnis enthalten. Au\u00dferdem gibt es im vollst\u00e4ndigen E-Learning ein Teilnahmezertifikat.<!-- \/wp:paragraph --><\/p>\n<p><!-- wp:paragraph --><strong>Den besten und umfangreichsten Lerneffekt erzielst du also mit dem vollst\u00e4ndigen E-Learning. <\/strong>Wir empfehlen ein Paket mit Live-Veranstaltungen zu buchen.<!-- \/wp:paragraph --> <!-- wp:paragraph --><\/p>\n<p>&nbsp;<\/p>\n<p><strong><em><a href=\"https:\/\/www.deutschkurs-tieraerzte.com\/en\/shop\/\">Here <\/a><\/em>: Buy complete e-learning, optionally with valuable live language lessons and live peer discussions for even more language practice<\/strong>.<\/p>\n<p>&nbsp;<\/p>","protected":false},"featured_media":11443,"comment_status":"open","ping_status":"closed","template":"","meta":{"site-sidebar-layout":"default","site-content-layout":"","ast-site-content-layout":"default","site-content-style":"default","site-sidebar-style":"default","ast-global-header-display":"","ast-banner-title-visibility":"","ast-main-header-display":"","ast-hfb-above-header-display":"","ast-hfb-below-header-display":"","ast-hfb-mobile-header-display":"","site-post-title":"","ast-breadcrumbs-content":"","ast-featured-img":"","footer-sml-layout":"","ast-disable-related-posts":"","theme-transparent-header-meta":"default","adv-header-id-meta":"","stick-header-meta":"","header-above-stick-meta":"","header-main-stick-meta":"","header-below-stick-meta":"","astra-migrate-meta-layouts":"set","ast-page-background-enabled":"default","ast-page-background-meta":{"desktop":{"background-color":"","background-image":"","background-repeat":"repeat","background-position":"center center","background-size":"auto","background-attachment":"scroll","background-type":"","background-media":"","overlay-type":"","overlay-color":"","overlay-opacity":"","overlay-gradient":""},"tablet":{"background-color":"","background-image":"","background-repeat":"repeat","background-position":"center center","background-size":"auto","background-attachment":"scroll","background-type":"","background-media":"","overlay-type":"","overlay-color":"","overlay-opacity":"","overlay-gradient":""},"mobile":{"background-color":"","background-image":"","background-repeat":"repeat","background-position":"center center","background-size":"auto","background-attachment":"scroll","background-type":"","background-media":"","overlay-type":"","overlay-color":"","overlay-opacity":"","overlay-gradient":""}},"ast-content-background-meta":{"desktop":{"background-color":"var(--ast-global-color-5)","background-image":"","background-repeat":"repeat","background-position":"center center","background-size":"auto","background-attachment":"scroll","background-type":"","background-media":"","overlay-type":"","overlay-color":"","overlay-opacity":"","overlay-gradient":""},"tablet":{"background-color":"var(--ast-global-color-5)","background-image":"","background-repeat":"repeat","background-position":"center center","background-size":"auto","background-attachment":"scroll","background-type":"","background-media":"","overlay-type":"","overlay-color":"","overlay-opacity":"","overlay-gradient":""},"mobile":{"background-color":"var(--ast-global-color-5)","background-image":"","background-repeat":"repeat","background-position":"center center","background-size":"auto","background-attachment":"scroll","background-type":"","background-media":"","overlay-type":"","overlay-color":"","overlay-opacity":"","overlay-gradient":""}},"_glsr_average":0,"_glsr_ranking":0,"_glsr_reviews":0},"product_brand":[],"product_cat":[65],"product_tag":[],"class_list":{"0":"post-11442","1":"product","2":"type-product","3":"status-publish","4":"has-post-thumbnail","6":"product_cat-vokabelkurs","7":"desktop-align-left","8":"tablet-align-left","9":"mobile-align-left","11":"first","12":"instock","13":"virtual","14":"sold-individually","15":"taxable","16":"purchasable","17":"product-type-course"},"yoast_head":"<!-- This site is optimized with the Yoast SEO plugin v27.2 - https:\/\/yoast.com\/product\/yoast-seo-wordpress\/ -->\n<title>Vokabelkurs Kleintiere | deutschkurs-tieraerzte.com<\/title>\n<meta name=\"robots\" content=\"index, follow, max-snippet:-1, max-image-preview:large, max-video-preview:-1\" \/>\n<link rel=\"canonical\" href=\"https:\/\/www.deutschkurs-tieraerzte.com\/en\/product\/vokabelkurs-kleintiere\/\" \/>\n<meta property=\"og:locale\" content=\"en_US\" \/>\n<meta property=\"og:type\" content=\"article\" \/>\n<meta property=\"og:title\" content=\"Vokabelkurs Kleintiere | deutschkurs-tieraerzte.com\" \/>\n<meta property=\"og:description\" content=\"Mit dem Angebot des &quot;Vokabelkurses&quot; m\u00f6chten wir einer noch gr\u00f6\u00dferen Menge an ausl\u00e4ndischen Tier\u00e4rzten, die in Deutschland arbeiten m\u00f6chten, die tiermedizinische Fachsprache zug\u00e4nglich machen. Wir hoffen, dass dir dadurch der Einstieg in die deutsche Kleintierpraxis leichter f\u00e4llt.  Bitte beachte dabei: Die Inhalte dieses Kurses repr\u00e4sentiere nur einen sehr kleinen Teil der Inhalte des vollst\u00e4ndigen E-Learnings.  Im Vokabelkurs sind nur enthalten:   die Vokabellisten  wenige \u00dcbungen  in 36 Kapiteln (Beispiele: Augenuntersuchung, R\u00f6ntgen, Euthanasie).  Sofort loslegen!  Bearbeitungszeit: 1 Jahr, keine automatische Verl\u00e4ngerung  Du kannst auch erst den Vokabelkurs buchen und sp\u00e4ter dein Paket upgraden. (Der bereits bezahlte Betrag von 250\u20ac wird dir dann auf den Preis des E-Learnings\/der anderen Pakete angerechnet.)  Mehr Informationen zu den Inhalten gibt es\u00a0hier.       Im vollst\u00e4ndigen E-Learning hingegen sind noch Dialoge (mit Vertonung und oft mit Videos aus der Praxis), Grammatik und Fachwissen-Lektionen sowie zahlreiche \u00dcbungen und Video\u00fcbungen zur Grammatik, Fachwissen, Anwendungsbeispielen (noch viel mehr Beispiels\u00e4tzen) und H\u00f6rverst\u00e4ndnis enthalten. Au\u00dferdem gibt es im vollst\u00e4ndigen E-Learning ein Teilnahmezertifikat.  Den besten und umfangreichsten Lerneffekt erzielst du also mit dem vollst\u00e4ndigen E-Learning. Wir empfehlen ein Paket mit Live-Veranstaltungen zu buchen.   &nbsp;  Hier vollst\u00e4ndiges E-Learning kaufen, wahlweise mit wertvollem Live-Sprachunterricht und Live-Kollegengespr\u00e4chen f\u00fcr noch mehr Sprachpraxis.  &nbsp;\" \/>\n<meta property=\"og:url\" content=\"https:\/\/www.deutschkurs-tieraerzte.com\/en\/product\/vokabelkurs-kleintiere\/\" \/>\n<meta property=\"og:site_name\" content=\"deutschkurs-tieraerzte.com\" \/>\n<meta property=\"article:modified_time\" content=\"2025-01-21T12:14:28+00:00\" \/>\n<meta property=\"og:image\" content=\"https:\/\/www.deutschkurs-tieraerzte.com\/wp-content\/uploads\/2025\/01\/produkt_kt_vokabelkurs.jpg\" \/>\n\t<meta property=\"og:image:width\" content=\"960\" \/>\n\t<meta property=\"og:image:height\" content=\"720\" \/>\n\t<meta property=\"og:image:type\" content=\"image\/jpeg\" \/>\n<meta name=\"twitter:card\" content=\"summary_large_image\" \/>\n<meta name=\"twitter:label1\" content=\"Est. reading time\" \/>\n\t<meta name=\"twitter:data1\" content=\"1 minute\" \/>\n<script type=\"application\/ld+json\" class=\"yoast-schema-graph\">{\"@context\":\"https:\/\/schema.org\",\"@graph\":[{\"@type\":\"WebPage\",\"@id\":\"https:\/\/www.deutschkurs-tieraerzte.com\/produkt\/vokabelkurs-kleintiere\/\",\"url\":\"https:\/\/www.deutschkurs-tieraerzte.com\/produkt\/vokabelkurs-kleintiere\/\",\"name\":\"Vokabelkurs Kleintiere | deutschkurs-tieraerzte.com\",\"isPartOf\":{\"@id\":\"https:\/\/www.deutschkurs-tieraerzte.com\/#website\"},\"primaryImageOfPage\":{\"@id\":\"https:\/\/www.deutschkurs-tieraerzte.com\/produkt\/vokabelkurs-kleintiere\/#primaryimage\"},\"image\":{\"@id\":\"https:\/\/www.deutschkurs-tieraerzte.com\/produkt\/vokabelkurs-kleintiere\/#primaryimage\"},\"thumbnailUrl\":\"https:\/\/www.deutschkurs-tieraerzte.com\/wp-content\/uploads\/2025\/01\/produkt_kt_vokabelkurs.jpg\",\"datePublished\":\"2025-01-21T11:01:04+00:00\",\"dateModified\":\"2025-01-21T12:14:28+00:00\",\"breadcrumb\":{\"@id\":\"https:\/\/www.deutschkurs-tieraerzte.com\/produkt\/vokabelkurs-kleintiere\/#breadcrumb\"},\"inLanguage\":\"en-US\",\"potentialAction\":[{\"@type\":\"ReadAction\",\"target\":[\"https:\/\/www.deutschkurs-tieraerzte.com\/produkt\/vokabelkurs-kleintiere\/\"]}]},{\"@type\":\"ImageObject\",\"inLanguage\":\"en-US\",\"@id\":\"https:\/\/www.deutschkurs-tieraerzte.com\/produkt\/vokabelkurs-kleintiere\/#primaryimage\",\"url\":\"https:\/\/www.deutschkurs-tieraerzte.com\/wp-content\/uploads\/2025\/01\/produkt_kt_vokabelkurs.jpg\",\"contentUrl\":\"https:\/\/www.deutschkurs-tieraerzte.com\/wp-content\/uploads\/2025\/01\/produkt_kt_vokabelkurs.jpg\",\"width\":960,\"height\":720},{\"@type\":\"BreadcrumbList\",\"@id\":\"https:\/\/www.deutschkurs-tieraerzte.com\/produkt\/vokabelkurs-kleintiere\/#breadcrumb\",\"itemListElement\":[{\"@type\":\"ListItem\",\"position\":1,\"name\":\"Startseite\",\"item\":\"https:\/\/www.deutschkurs-tieraerzte.com\/\"},{\"@type\":\"ListItem\",\"position\":2,\"name\":\"Shop\",\"item\":\"https:\/\/www.deutschkurs-tieraerzte.com\/shop\/\"},{\"@type\":\"ListItem\",\"position\":3,\"name\":\"Vokabelkurs Kleintiere\"}]},{\"@type\":\"WebSite\",\"@id\":\"https:\/\/www.deutschkurs-tieraerzte.com\/#website\",\"url\":\"https:\/\/www.deutschkurs-tieraerzte.com\/\",\"name\":\"deutschkurs-tieraerzte.com\",\"description\":\"Deutschkurs f\u00fcr Tier\u00e4rzte online\",\"publisher\":{\"@id\":\"https:\/\/www.deutschkurs-tieraerzte.com\/#organization\"},\"potentialAction\":[{\"@type\":\"SearchAction\",\"target\":{\"@type\":\"EntryPoint\",\"urlTemplate\":\"https:\/\/www.deutschkurs-tieraerzte.com\/?s={search_term_string}\"},\"query-input\":{\"@type\":\"PropertyValueSpecification\",\"valueRequired\":true,\"valueName\":\"search_term_string\"}}],\"inLanguage\":\"en-US\"},{\"@type\":\"Organization\",\"@id\":\"https:\/\/www.deutschkurs-tieraerzte.com\/#organization\",\"name\":\"Deutschkurs f\u00fcr Tier\u00e4rzte\",\"url\":\"https:\/\/www.deutschkurs-tieraerzte.com\/\",\"logo\":{\"@type\":\"ImageObject\",\"inLanguage\":\"en-US\",\"@id\":\"https:\/\/www.deutschkurs-tieraerzte.com\/#\/schema\/logo\/image\/\",\"url\":\"https:\/\/deutschkurs-tieraerzte.com\/wp-content\/uploads\/2022\/06\/Logo_final_text.png\",\"contentUrl\":\"https:\/\/deutschkurs-tieraerzte.com\/wp-content\/uploads\/2022\/06\/Logo_final_text.png\",\"width\":2342,\"height\":648,\"caption\":\"Deutschkurs f\u00fcr Tier\u00e4rzte\"},\"image\":{\"@id\":\"https:\/\/www.deutschkurs-tieraerzte.com\/#\/schema\/logo\/image\/\"}}]}<\/script>\n<!-- \/ Yoast SEO plugin. -->","yoast_head_json":{"title":"Vokabelkurs Kleintiere | deutschkurs-tieraerzte.com","robots":{"index":"index","follow":"follow","max-snippet":"max-snippet:-1","max-image-preview":"max-image-preview:large","max-video-preview":"max-video-preview:-1"},"canonical":"https:\/\/www.deutschkurs-tieraerzte.com\/en\/product\/vokabelkurs-kleintiere\/","og_locale":"en_US","og_type":"article","og_title":"Vokabelkurs Kleintiere | deutschkurs-tieraerzte.com","og_description":"Mit dem Angebot des \"Vokabelkurses\" m\u00f6chten wir einer noch gr\u00f6\u00dferen Menge an ausl\u00e4ndischen Tier\u00e4rzten, die in Deutschland arbeiten m\u00f6chten, die tiermedizinische Fachsprache zug\u00e4nglich machen. Wir hoffen, dass dir dadurch der Einstieg in die deutsche Kleintierpraxis leichter f\u00e4llt.  Bitte beachte dabei: Die Inhalte dieses Kurses repr\u00e4sentiere nur einen sehr kleinen Teil der Inhalte des vollst\u00e4ndigen E-Learnings.  Im Vokabelkurs sind nur enthalten:   die Vokabellisten  wenige \u00dcbungen  in 36 Kapiteln (Beispiele: Augenuntersuchung, R\u00f6ntgen, Euthanasie).  Sofort loslegen!  Bearbeitungszeit: 1 Jahr, keine automatische Verl\u00e4ngerung  Du kannst auch erst den Vokabelkurs buchen und sp\u00e4ter dein Paket upgraden. (Der bereits bezahlte Betrag von 250\u20ac wird dir dann auf den Preis des E-Learnings\/der anderen Pakete angerechnet.)  Mehr Informationen zu den Inhalten gibt es\u00a0hier.       Im vollst\u00e4ndigen E-Learning hingegen sind noch Dialoge (mit Vertonung und oft mit Videos aus der Praxis), Grammatik und Fachwissen-Lektionen sowie zahlreiche \u00dcbungen und Video\u00fcbungen zur Grammatik, Fachwissen, Anwendungsbeispielen (noch viel mehr Beispiels\u00e4tzen) und H\u00f6rverst\u00e4ndnis enthalten. Au\u00dferdem gibt es im vollst\u00e4ndigen E-Learning ein Teilnahmezertifikat.  Den besten und umfangreichsten Lerneffekt erzielst du also mit dem vollst\u00e4ndigen E-Learning. Wir empfehlen ein Paket mit Live-Veranstaltungen zu buchen.   &nbsp;  Hier vollst\u00e4ndiges E-Learning kaufen, wahlweise mit wertvollem Live-Sprachunterricht und Live-Kollegengespr\u00e4chen f\u00fcr noch mehr Sprachpraxis.  &nbsp;","og_url":"https:\/\/www.deutschkurs-tieraerzte.com\/en\/product\/vokabelkurs-kleintiere\/","og_site_name":"deutschkurs-tieraerzte.com","article_modified_time":"2025-01-21T12:14:28+00:00","og_image":[{"width":960,"height":720,"url":"https:\/\/www.deutschkurs-tieraerzte.com\/wp-content\/uploads\/2025\/01\/produkt_kt_vokabelkurs.jpg","type":"image\/jpeg"}],"twitter_card":"summary_large_image","twitter_misc":{"Est. reading time":"1 minute"},"schema":{"@context":"https:\/\/schema.org","@graph":[{"@type":"WebPage","@id":"https:\/\/www.deutschkurs-tieraerzte.com\/produkt\/vokabelkurs-kleintiere\/","url":"https:\/\/www.deutschkurs-tieraerzte.com\/produkt\/vokabelkurs-kleintiere\/","name":"Vokabelkurs Kleintiere | deutschkurs-tieraerzte.com","isPartOf":{"@id":"https:\/\/www.deutschkurs-tieraerzte.com\/#website"},"primaryImageOfPage":{"@id":"https:\/\/www.deutschkurs-tieraerzte.com\/produkt\/vokabelkurs-kleintiere\/#primaryimage"},"image":{"@id":"https:\/\/www.deutschkurs-tieraerzte.com\/produkt\/vokabelkurs-kleintiere\/#primaryimage"},"thumbnailUrl":"https:\/\/www.deutschkurs-tieraerzte.com\/wp-content\/uploads\/2025\/01\/produkt_kt_vokabelkurs.jpg","datePublished":"2025-01-21T11:01:04+00:00","dateModified":"2025-01-21T12:14:28+00:00","breadcrumb":{"@id":"https:\/\/www.deutschkurs-tieraerzte.com\/produkt\/vokabelkurs-kleintiere\/#breadcrumb"},"inLanguage":"en-US","potentialAction":[{"@type":"ReadAction","target":["https:\/\/www.deutschkurs-tieraerzte.com\/produkt\/vokabelkurs-kleintiere\/"]}]},{"@type":"ImageObject","inLanguage":"en-US","@id":"https:\/\/www.deutschkurs-tieraerzte.com\/produkt\/vokabelkurs-kleintiere\/#primaryimage","url":"https:\/\/www.deutschkurs-tieraerzte.com\/wp-content\/uploads\/2025\/01\/produkt_kt_vokabelkurs.jpg","contentUrl":"https:\/\/www.deutschkurs-tieraerzte.com\/wp-content\/uploads\/2025\/01\/produkt_kt_vokabelkurs.jpg","width":960,"height":720},{"@type":"BreadcrumbList","@id":"https:\/\/www.deutschkurs-tieraerzte.com\/produkt\/vokabelkurs-kleintiere\/#breadcrumb","itemListElement":[{"@type":"ListItem","position":1,"name":"Startseite","item":"https:\/\/www.deutschkurs-tieraerzte.com\/"},{"@type":"ListItem","position":2,"name":"Shop","item":"https:\/\/www.deutschkurs-tieraerzte.com\/shop\/"},{"@type":"ListItem","position":3,"name":"Vokabelkurs Kleintiere"}]},{"@type":"WebSite","@id":"https:\/\/www.deutschkurs-tieraerzte.com\/#website","url":"https:\/\/www.deutschkurs-tieraerzte.com\/","name":"deutschkurs-tieraerzte.com","description":"Deutschkurs f\u00fcr Tier\u00e4rzte online","publisher":{"@id":"https:\/\/www.deutschkurs-tieraerzte.com\/#organization"},"potentialAction":[{"@type":"SearchAction","target":{"@type":"EntryPoint","urlTemplate":"https:\/\/www.deutschkurs-tieraerzte.com\/?s={search_term_string}"},"query-input":{"@type":"PropertyValueSpecification","valueRequired":true,"valueName":"search_term_string"}}],"inLanguage":"en-US"},{"@type":"Organization","@id":"https:\/\/www.deutschkurs-tieraerzte.com\/#organization","name":"Deutschkurs f\u00fcr Tier\u00e4rzte","url":"https:\/\/www.deutschkurs-tieraerzte.com\/","logo":{"@type":"ImageObject","inLanguage":"en-US","@id":"https:\/\/www.deutschkurs-tieraerzte.com\/#\/schema\/logo\/image\/","url":"https:\/\/deutschkurs-tieraerzte.com\/wp-content\/uploads\/2022\/06\/Logo_final_text.png","contentUrl":"https:\/\/deutschkurs-tieraerzte.com\/wp-content\/uploads\/2022\/06\/Logo_final_text.png","width":2342,"height":648,"caption":"Deutschkurs f\u00fcr Tier\u00e4rzte"},"image":{"@id":"https:\/\/www.deutschkurs-tieraerzte.com\/#\/schema\/logo\/image\/"}}]}},"publishpress_future_action":{"enabled":false,"date":"2026-04-25 23:37:20","action":"change-status","newStatus":"draft","terms":[],"taxonomy":"product_type","extraData":[]},"publishpress_future_workflow_manual_trigger":{"enabledWorkflows":[]},"_links":{"self":[{"href":"https:\/\/www.deutschkurs-tieraerzte.com\/en\/wp-json\/wp\/v2\/product\/11442","targetHints":{"allow":["GET"]}}],"collection":[{"href":"https:\/\/www.deutschkurs-tieraerzte.com\/en\/wp-json\/wp\/v2\/product"}],"about":[{"href":"https:\/\/www.deutschkurs-tieraerzte.com\/en\/wp-json\/wp\/v2\/types\/product"}],"replies":[{"embeddable":true,"href":"https:\/\/www.deutschkurs-tieraerzte.com\/en\/wp-json\/wp\/v2\/comments?post=11442"}],"wp:featuredmedia":[{"embeddable":true,"href":"https:\/\/www.deutschkurs-tieraerzte.com\/en\/wp-json\/wp\/v2\/media\/11443"}],"wp:attachment":[{"href":"https:\/\/www.deutschkurs-tieraerzte.com\/en\/wp-json\/wp\/v2\/media?parent=11442"}],"wp:term":[{"taxonomy":"product_brand","embeddable":true,"href":"https:\/\/www.deutschkurs-tieraerzte.com\/en\/wp-json\/wp\/v2\/product_brand?post=11442"},{"taxonomy":"product_cat","embeddable":true,"href":"https:\/\/www.deutschkurs-tieraerzte.com\/en\/wp-json\/wp\/v2\/product_cat?post=11442"},{"taxonomy":"product_tag","embeddable":true,"href":"https:\/\/www.deutschkurs-tieraerzte.com\/en\/wp-json\/wp\/v2\/product_tag?post=11442"}],"curies":[{"name":"wp","href":"https:\/\/api.w.org\/{rel}","templated":true}]}}